{"id":1332,"date":"2020-09-07T15:45:41","date_gmt":"2020-09-07T13:45:41","guid":{"rendered":"https:\/\/les-ateliers-dalex.fr\/?page_id=1332"},"modified":"2025-12-11T14:56:00","modified_gmt":"2025-12-11T13:56:00","slug":"mes-tutos-portage","status":"publish","type":"page","link":"https:\/\/les-ateliers-dalex.fr\/?page_id=1332","title":{"rendered":"Mes Tutos Portage"},"content":{"rendered":"\n<div class=\"wp-block-image is-style-rounded\"><figure class=\"aligncenter size-large is-resized\"><img loading=\"lazy\" decoding=\"async\" src=\"https:\/\/les-ateliers-dalex.fr\/wp-content\/uploads\/2025\/12\/012bis-719x1024.jpg\" alt=\"\" class=\"wp-image-2147\" width=\"495\" height=\"704\" srcset=\"https:\/\/les-ateliers-dalex.fr\/wp-content\/uploads\/2025\/12\/012bis-719x1024.jpg 719w, https:\/\/les-ateliers-dalex.fr\/wp-content\/uploads\/2025\/12\/012bis-211x300.jpg 211w, https:\/\/les-ateliers-dalex.fr\/wp-content\/uploads\/2025\/12\/012bis-768x1093.jpg 768w, https:\/\/les-ateliers-dalex.fr\/wp-content\/uploads\/2025\/12\/012bis-1079x1536.jpg 1079w, https:\/\/les-ateliers-dalex.fr\/wp-content\/uploads\/2025\/12\/012bis-1439x2048.jpg 1439w, https:\/\/les-ateliers-dalex.fr\/wp-content\/uploads\/2025\/12\/012bis-scaled.jpg 1799w\" sizes=\"auto, (max-width: 495px) 100vw, 495px\" \/><\/figure><\/div>\n\n\n\n<p class=\"has-text-align-center\">Quelques noeuds en vid\u00e9o <\/p>\n\n\n\n<h5 class=\"wp-block-heading\">POrtage ventre<\/h5>\n\n\n\n<h4 class=\"has-text-align-center wp-block-heading\">Echarpe Tiss\u00e9e<\/h4>\n\n\n\n<p><a rel=\"noreferrer noopener\" href=\"https:\/\/www.youtube.com\/watch?v=wYotW7T_6ck&amp;t=330s\" target=\"_blank\">Demi envelopp\u00e9 crois\u00e9, finition noeud coulissant.<\/a> Echarpe tiss\u00e9e N\u00e9obulle T4 ( avec un poupon)<\/p>\n\n\n\n<p><a rel=\"noreferrer noopener\" href=\"https:\/\/youtu.be\/Kun2OjmbMIU\" data-type=\"URL\" data-id=\"https:\/\/youtu.be\/Kun2OjmbMIU\" target=\"_blank\">Demi envelopp\u00e9 crois\u00e9, finition noeud coulissant<\/a>. Echarpe tiss\u00e9e LennyLamb T4 (avec Zo\u00e9 1mois 1\/2, installation avec b\u00e9b\u00e9 d\u00e9j\u00e0 dans les bras)<\/p>\n\n\n\n<p class=\"has-text-align-left\"><a rel=\"noreferrer noopener\" href=\"https:\/\/www.youtube.com\/watch?v=I5wn2oXmYow&amp;t=106s\" target=\"_blank\">Envelopp\u00e9 crois\u00e9<\/a> avec \u00e9charpe tiss\u00e9e T6 LittleFrog <\/p>\n\n\n\n<p><a href=\"https:\/\/youtu.be\/79hGrsiawQI\" data-type=\"URL\" data-id=\"https:\/\/youtu.be\/79hGrsiawQI\" target=\"_blank\" rel=\"noreferrer noopener\">Envelopp\u00e9 crois\u00e9, d\u00e9part b\u00e9b\u00e9 dans les bras<\/a>, avec une \u00e9charpe tiss\u00e9e FloraWrap by DahliaWrap T6<\/p>\n\n\n\n<p><a rel=\"noreferrer noopener\" href=\"https:\/\/www.youtube.com\/watch?v=PLAOhsHO66s\" data-type=\"URL\" data-id=\"https:\/\/www.youtube.com\/watch?v=PLAOhsHO66s\" target=\"_blank\">Kangourou ventre<\/a> avec une \u00e9charpe tiss\u00e9e T6 LittleFrog<\/p>\n\n\n\n<p><a href=\"https:\/\/www.youtube.com\/watch?v=CMukQFuKB_c\" target=\"_blank\" rel=\"noreferrer noopener\">Kangourou ventre pr\u00e9 install\u00e9<\/a> avec une \u00e9charpe tiss\u00e9e T5 Yaro<\/p>\n\n\n\n<h4 class=\"has-text-align-center wp-block-heading\">Echarpe tricot\u00e9e<\/h4>\n\n\n\n<p><a rel=\"noreferrer noopener\" href=\"https:\/\/www.youtube.com\/watch?v=QOvpnyUK8iw\" target=\"_blank\">Double hamac ventre pr\u00e9-install\u00e9<\/a>, avec \u00e9charpe tricot\u00e9e avec \u00e9lasthanne, Boba Wrap<\/p>\n\n\n\n<p><a rel=\"noreferrer noopener\" href=\"https:\/\/www.youtube.com\/watch?v=wyz3LJIFZD8\" target=\"_blank\">Envelopp\u00e9 crois\u00e9 fa\u00e7on double hamac <\/a>avec  une \u00e9charpe tricot\u00e9e avec \u00e9lasthanne,  Boba Wrap<\/p>\n\n\n\n<p><a rel=\"noreferrer noopener\" href=\"https:\/\/www.youtube.com\/watch?v=8pwlOzVP4c8\" target=\"_blank\">Envelopp\u00e9 crois\u00e9, pans d\u00e9ploy\u00e9s<\/a>, avec une \u00e9charpe originale JPMBB ( Love Radius) tricot\u00e9e avec \u00e9lasthanne.<\/p>\n\n\n\n<p><a href=\"https:\/\/youtu.be\/IxwcBOwrs5g\" target=\"_blank\" rel=\"noreferrer noopener\">Envelopp\u00e9 crois\u00e9 double ou triple couche<\/a> , avec une \u00e9charpe tricot\u00e9e My Cocon de N\u00e9obulle ( avec Zo\u00e9 3 mois 1\/2, installation avec b\u00e9b\u00e9 d\u00e9j\u00e0 dans les bras)<\/p>\n\n\n\n<p><a rel=\"noreferrer noopener\" href=\"https:\/\/www.youtube.com\/watch?v=G2x7VNdHsao\" target=\"_blank\">Kangourou ventre renforc\u00e9 <\/a>avec une \u00e9charpe tricot\u00e9e sans \u00e9lasthanne, ByKay taille M<\/p>\n\n\n\n<p><a href=\"https:\/\/youtu.be\/Dvi3qnGSeXI\" data-type=\"URL\" data-id=\"https:\/\/youtu.be\/Dvi3qnGSeXI\">Kangourou ventre renforc\u00e9<\/a><a rel=\"noreferrer noopener\" href=\"https:\/\/youtu.be\/Dvi3qnGSeXI\" target=\"_blank\"> <\/a>avec une \u00e9charpe tricot\u00e9e sans \u00e9lasthanne Lennylamb ( avec Zo\u00e9 3 mois, installation avec b\u00e9b\u00e9 d\u00e9j\u00e0 dans les bras)<\/p>\n\n\n\n<p><a rel=\"noreferrer noopener\" href=\"https:\/\/www.youtube.com\/watch?v=vocY3MC_I20\" target=\"_blank\">Noeud de base, adapt\u00e9 pour un nourrisson avec voltes.<\/a> JPMBB originale ( Love Radius) tricot\u00e9e avec \u00e9lasthanne<\/p>\n\n\n\n<p><a rel=\"noreferrer noopener\" href=\"https:\/\/www.youtube.com\/watch?v=atSVqsIIIuk&amp;t=10s\" target=\"_blank\">Poppin&rsquo;s Hip Carry<\/a> avec une \u00e9charpe originale JPMBB ( Love Radius) tricot\u00e9e avec \u00e9lasthanne<\/p>\n\n\n\n<h4 class=\"has-text-align-center wp-block-heading\">Sling<\/h4>\n\n\n\n<p><a rel=\"noreferrer noopener\" href=\"https:\/\/youtu.be\/_qo3FfB8buk\" target=\"_blank\">Montage et installation en sling<\/a>, avec un sling en mousseline de coton MaruSling de LuckyFrance<\/p>\n\n\n\n<p><a href=\"https:\/\/www.youtube.com\/watch?v=UZtdejoZoVo\" data-type=\"URL\" data-id=\"https:\/\/www.youtube.com\/watch?v=UZtdejoZoVo\" target=\"_blank\" rel=\"noreferrer noopener\">Montage et installation en sling avec une volte ouverte<\/a>. Sling tiss\u00e9 Bulline de N\u00e9obulle.<\/p>\n\n\n\n<hr class=\"wp-block-separator\"\/>\n\n\n\n<h5 class=\"wp-block-heading\">POrtage dos<\/h5>\n\n\n\n<h4 class=\"wp-block-heading\">Echarpe tiss\u00e9e<\/h4>\n\n\n\n<p><a href=\"https:\/\/youtu.be\/i-8HdcKvoj4\" target=\"_blank\" rel=\"noreferrer noopener\">Kangourou dos<\/a>, avec une \u00e9charpe tiss\u00e9e YaroSling T5<\/p>\n\n\n\n<h4 class=\"wp-block-heading\">Echarpe tricot\u00e9e<\/h4>\n\n\n\n<p><a href=\"https:\/\/youtu.be\/JuLp-S1pHUA\" data-type=\"URL\" data-id=\"https:\/\/youtu.be\/JuLp-S1pHUA\" target=\"_blank\" rel=\"noreferrer noopener\">Double hamac dos, bande passante<\/a>. Echarpe tricot\u00e9e avec \u00e9lasthanne Boba Wrap Serenity.<\/p>\n\n\n\n<h4 class=\"wp-block-heading\">Onbuhimo<\/h4>\n\n\n\n<p><a href=\"https:\/\/youtu.be\/ysCRwhy_EuI\" target=\"_blank\" rel=\"noreferrer noopener\">Portage dos en Onbuhimo<\/a> Lennylamb, d\u00e9part b\u00e9b\u00e9 dans les bras<\/p>\n\n\n\n<div class=\"wp-block-image is-style-default\"><figure class=\"aligncenter size-large\"><img loading=\"lazy\" decoding=\"async\" width=\"500\" height=\"202\" src=\"https:\/\/les-ateliers-dalex.fr\/wp-content\/uploads\/2020\/04\/AFD566B8-891B-45DF-8029-583C8D60E71E.jpeg\" alt=\"\" class=\"wp-image-791\" srcset=\"https:\/\/les-ateliers-dalex.fr\/wp-content\/uploads\/2020\/04\/AFD566B8-891B-45DF-8029-583C8D60E71E.jpeg 500w, https:\/\/les-ateliers-dalex.fr\/wp-content\/uploads\/2020\/04\/AFD566B8-891B-45DF-8029-583C8D60E71E-300x121.jpeg 300w\" sizes=\"auto, (max-width: 500px) 100vw, 500px\" \/><\/figure><\/div>\n","protected":false},"excerpt":{"rendered":"<p>Quelques noeuds en vid\u00e9o POrtage ventre Echarpe Tiss\u00e9e Demi envelopp\u00e9 crois\u00e9, finition noeud coulissant. Echarpe tiss\u00e9e N\u00e9obulle T4 ( avec un poupon) Demi envelopp\u00e9 crois\u00e9, finition noeud coulissant. Echarpe tiss\u00e9e LennyLamb T4 (avec Zo\u00e9 1mois 1\/2, installation avec b\u00e9b\u00e9 d\u00e9j\u00e0 dans les bras) Envelopp\u00e9 crois\u00e9 avec \u00e9charpe tiss\u00e9e T6 LittleFrog Envelopp\u00e9 crois\u00e9, d\u00e9part b\u00e9b\u00e9 dans &hellip; <\/p>\n<p class=\"link-more\"><a href=\"https:\/\/les-ateliers-dalex.fr\/?page_id=1332\" class=\"more-link\">Continuer la lecture<span class=\"screen-reader-text\"> de &laquo;&nbsp;Mes Tutos Portage&nbsp;&raquo;<\/span><\/a><\/p>\n","protected":false},"author":1,"featured_media":0,"parent":0,"menu_order":0,"comment_status":"closed","ping_status":"closed","template":"","meta":{"footnotes":""},"class_list":["post-1332","page","type-page","status-publish","hentry"],"_links":{"self":[{"href":"https:\/\/les-ateliers-dalex.fr\/index.php?rest_route=\/wp\/v2\/pages\/1332","targetHints":{"allow":["GET"]}}],"collection":[{"href":"https:\/\/les-ateliers-dalex.fr\/index.php?rest_route=\/wp\/v2\/pages"}],"about":[{"href":"https:\/\/les-ateliers-dalex.fr\/index.php?rest_route=\/wp\/v2\/types\/page"}],"author":[{"embeddable":true,"href":"https:\/\/les-ateliers-dalex.fr\/index.php?rest_route=\/wp\/v2\/users\/1"}],"replies":[{"embeddable":true,"href":"https:\/\/les-ateliers-dalex.fr\/index.php?rest_route=%2Fwp%2Fv2%2Fcomments&post=1332"}],"version-history":[{"count":25,"href":"https:\/\/les-ateliers-dalex.fr\/index.php?rest_route=\/wp\/v2\/pages\/1332\/revisions"}],"predecessor-version":[{"id":2158,"href":"https:\/\/les-ateliers-dalex.fr\/index.php?rest_route=\/wp\/v2\/pages\/1332\/revisions\/2158"}],"wp:attachment":[{"href":"https:\/\/les-ateliers-dalex.fr\/index.php?rest_route=%2Fwp%2Fv2%2Fmedia&parent=1332"}],"curies":[{"name":"wp","href":"https:\/\/api.w.org\/{rel}","templated":true}]}}