{"id":1877,"date":"2024-04-26T15:14:43","date_gmt":"2024-04-26T13:14:43","guid":{"rendered":"https:\/\/les-ateliers-dalex.fr\/?page_id=1877"},"modified":"2025-03-25T13:49:10","modified_gmt":"2025-03-25T12:49:10","slug":"mes-ateliers-en-2022","status":"publish","type":"page","link":"https:\/\/les-ateliers-dalex.fr\/?page_id=1877","title":{"rendered":"Mes actions et ateliers en 2022"},"content":{"rendered":"\n<p class=\"has-text-align-center\">Avec le <strong>Centre Social Espalion Estaing<\/strong> (12): Animation d&rsquo;un <strong><em>groupe de parents<\/em><\/strong> \u00a0\u00bb Parents, parlons-en\u00a0\u00bb , 4 s\u00e9ances de septembre \u00e0 d\u00e9cembre<\/p>\n\n\n\n<div class=\"wp-block-image\"><figure class=\"aligncenter size-large is-resized\"><img loading=\"lazy\" decoding=\"async\" src=\"https:\/\/les-ateliers-dalex.fr\/wp-content\/uploads\/2024\/04\/IMG_6386-724x1024.jpg\" alt=\"\" class=\"wp-image-1896\" width=\"467\" height=\"661\" srcset=\"https:\/\/les-ateliers-dalex.fr\/wp-content\/uploads\/2024\/04\/IMG_6386-724x1024.jpg 724w, https:\/\/les-ateliers-dalex.fr\/wp-content\/uploads\/2024\/04\/IMG_6386-212x300.jpg 212w, https:\/\/les-ateliers-dalex.fr\/wp-content\/uploads\/2024\/04\/IMG_6386-768x1087.jpg 768w, https:\/\/les-ateliers-dalex.fr\/wp-content\/uploads\/2024\/04\/IMG_6386.jpg 1060w\" sizes=\"auto, (max-width: 467px) 100vw, 467px\" \/><\/figure><\/div>\n\n\n\n<hr class=\"wp-block-separator\"\/>\n\n\n\n<p class=\"has-text-align-center\">Avec le <strong>Relais Petite Enfance \u00ab\u00a0R\u00eave Avec Moi\u00a0\u00bb<\/strong> de S\u00e9bazac (12)  2 ateliers collectifs de d\u00e9couverte du <em><strong>portage physiologique<\/strong><\/em>, pour les parents utilisateurs du RPE.<\/p>\n\n\n\n<div class=\"wp-block-image\"><figure class=\"aligncenter size-large is-resized\"><img loading=\"lazy\" decoding=\"async\" src=\"https:\/\/les-ateliers-dalex.fr\/wp-content\/uploads\/2025\/03\/IMG_8230-1-724x1024.jpg\" alt=\"\" class=\"wp-image-1958\" width=\"367\" height=\"519\" srcset=\"https:\/\/les-ateliers-dalex.fr\/wp-content\/uploads\/2025\/03\/IMG_8230-1-724x1024.jpg 724w, https:\/\/les-ateliers-dalex.fr\/wp-content\/uploads\/2025\/03\/IMG_8230-1-212x300.jpg 212w, https:\/\/les-ateliers-dalex.fr\/wp-content\/uploads\/2025\/03\/IMG_8230-1-768x1086.jpg 768w, https:\/\/les-ateliers-dalex.fr\/wp-content\/uploads\/2025\/03\/IMG_8230-1-1087x1536.jpg 1087w, https:\/\/les-ateliers-dalex.fr\/wp-content\/uploads\/2025\/03\/IMG_8230-1.jpg 1448w\" sizes=\"auto, (max-width: 367px) 100vw, 367px\" \/><\/figure><\/div>\n\n\n\n<hr class=\"wp-block-separator\"\/>\n\n\n\n<p class=\"has-text-align-center\">Avec le <strong>Centre Social Tarn de Millau (<\/strong> 12) atelier adulte-enfant, autour de l&rsquo;<em><strong>accompagnement respectueux <\/strong><\/em>de l&rsquo;enfant dans le cadre de la journ\u00e9e de la non-violence \u00e9ducative.<\/p>\n\n\n\n<hr class=\"wp-block-separator\"\/>\n\n\n\n<p class=\"has-text-align-center\">Avec le <strong>Centre Social de Millau<\/strong> (12), participation \u00e0 la journ\u00e9e des familles avec 1 atelier ouvert de <em><strong>s\u00e9curit\u00e9 en voiture<\/strong><\/em> pour les enfants de moins de 10 ans <\/p>\n\n\n\n<figure class=\"wp-block-gallery columns-3 is-cropped wp-block-gallery-1 is-layout-flex wp-block-gallery-is-layout-flex\"><ul class=\"blocks-gallery-grid\"><li class=\"blocks-gallery-item\"><figure><img loading=\"lazy\" decoding=\"async\" width=\"768\" height=\"1024\" src=\"https:\/\/les-ateliers-dalex.fr\/wp-content\/uploads\/2024\/04\/72DD5998-9035-4811-AB23-8660BB137E0C_1_105_c.jpeg\" alt=\"\" data-id=\"1878\" data-link=\"https:\/\/les-ateliers-dalex.fr\/?attachment_id=1878\" class=\"wp-image-1878\" srcset=\"https:\/\/les-ateliers-dalex.fr\/wp-content\/uploads\/2024\/04\/72DD5998-9035-4811-AB23-8660BB137E0C_1_105_c.jpeg 768w, https:\/\/les-ateliers-dalex.fr\/wp-content\/uploads\/2024\/04\/72DD5998-9035-4811-AB23-8660BB137E0C_1_105_c-225x300.jpeg 225w\" sizes=\"auto, (max-width: 767px) 89vw, (max-width: 1000px) 54vw, (max-width: 1071px) 543px, 580px\" \/><\/figure><\/li><li class=\"blocks-gallery-item\"><figure><img loading=\"lazy\" decoding=\"async\" width=\"1024\" height=\"768\" src=\"https:\/\/les-ateliers-dalex.fr\/wp-content\/uploads\/2024\/04\/003632DC-8047-4824-996B-92A81AD798CC_1_105_c.jpeg\" alt=\"\" data-id=\"1879\" data-link=\"https:\/\/les-ateliers-dalex.fr\/?attachment_id=1879\" class=\"wp-image-1879\" srcset=\"https:\/\/les-ateliers-dalex.fr\/wp-content\/uploads\/2024\/04\/003632DC-8047-4824-996B-92A81AD798CC_1_105_c.jpeg 1024w, https:\/\/les-ateliers-dalex.fr\/wp-content\/uploads\/2024\/04\/003632DC-8047-4824-996B-92A81AD798CC_1_105_c-300x225.jpeg 300w, https:\/\/les-ateliers-dalex.fr\/wp-content\/uploads\/2024\/04\/003632DC-8047-4824-996B-92A81AD798CC_1_105_c-768x576.jpeg 768w\" sizes=\"auto, (max-width: 767px) 89vw, (max-width: 1000px) 54vw, (max-width: 1071px) 543px, 580px\" \/><\/figure><\/li><li class=\"blocks-gallery-item\"><figure><img loading=\"lazy\" decoding=\"async\" width=\"1024\" height=\"768\" src=\"https:\/\/les-ateliers-dalex.fr\/wp-content\/uploads\/2024\/04\/292180D5-C560-4D5E-9DF4-E4050B487226_1_105_c.jpeg\" alt=\"\" data-id=\"1880\" data-link=\"https:\/\/les-ateliers-dalex.fr\/?attachment_id=1880\" class=\"wp-image-1880\" srcset=\"https:\/\/les-ateliers-dalex.fr\/wp-content\/uploads\/2024\/04\/292180D5-C560-4D5E-9DF4-E4050B487226_1_105_c.jpeg 1024w, https:\/\/les-ateliers-dalex.fr\/wp-content\/uploads\/2024\/04\/292180D5-C560-4D5E-9DF4-E4050B487226_1_105_c-300x225.jpeg 300w, https:\/\/les-ateliers-dalex.fr\/wp-content\/uploads\/2024\/04\/292180D5-C560-4D5E-9DF4-E4050B487226_1_105_c-768x576.jpeg 768w\" sizes=\"auto, (max-width: 767px) 89vw, (max-width: 1000px) 54vw, (max-width: 1071px) 543px, 580px\" \/><\/figure><\/li><li class=\"blocks-gallery-item\"><figure><img loading=\"lazy\" decoding=\"async\" width=\"724\" height=\"1024\" src=\"https:\/\/les-ateliers-dalex.fr\/wp-content\/uploads\/2024\/04\/IMG_4444-724x1024.jpg\" alt=\"\" data-id=\"1893\" data-full-url=\"https:\/\/les-ateliers-dalex.fr\/wp-content\/uploads\/2024\/04\/IMG_4444.jpg\" data-link=\"https:\/\/les-ateliers-dalex.fr\/?attachment_id=1893\" class=\"wp-image-1893\" srcset=\"https:\/\/les-ateliers-dalex.fr\/wp-content\/uploads\/2024\/04\/IMG_4444-724x1024.jpg 724w, https:\/\/les-ateliers-dalex.fr\/wp-content\/uploads\/2024\/04\/IMG_4444-212x300.jpg 212w, https:\/\/les-ateliers-dalex.fr\/wp-content\/uploads\/2024\/04\/IMG_4444-768x1086.jpg 768w, https:\/\/les-ateliers-dalex.fr\/wp-content\/uploads\/2024\/04\/IMG_4444-1086x1536.jpg 1086w, https:\/\/les-ateliers-dalex.fr\/wp-content\/uploads\/2024\/04\/IMG_4444.jpg 1241w\" sizes=\"auto, (max-width: 724px) 100vw, 724px\" \/><\/figure><\/li><\/ul><\/figure>\n\n\n\n<hr class=\"wp-block-separator\"\/>\n\n\n\n<p class=\"has-text-align-center\">Avec la <strong>Communaut\u00e9 de communes Aubrac, Carladez, Viad\u00e8ne<\/strong> ( 12)<\/p>\n\n\n\n<p class=\"has-text-align-center\">*soir\u00e9e de sensibilisation au <strong><em>portage physiologique<\/em><\/strong> pour les \u00e9quipes des micro-cr\u00e8ches de Laguiole (12), Mur de Barrez (12) et Sainte genevi\u00e8ve sur Argence (12)<\/p>\n\n\n\n<div class=\"wp-block-image\"><figure class=\"aligncenter size-full is-resized\"><img loading=\"lazy\" decoding=\"async\" src=\"https:\/\/les-ateliers-dalex.fr\/wp-content\/uploads\/2024\/04\/349FE0B6-089B-44F2-B648-6C2B8B876C4D_1_105_c.jpeg\" alt=\"\" class=\"wp-image-1882\" width=\"299\" height=\"341\" srcset=\"https:\/\/les-ateliers-dalex.fr\/wp-content\/uploads\/2024\/04\/349FE0B6-089B-44F2-B648-6C2B8B876C4D_1_105_c.jpeg 899w, https:\/\/les-ateliers-dalex.fr\/wp-content\/uploads\/2024\/04\/349FE0B6-089B-44F2-B648-6C2B8B876C4D_1_105_c-263x300.jpeg 263w, https:\/\/les-ateliers-dalex.fr\/wp-content\/uploads\/2024\/04\/349FE0B6-089B-44F2-B648-6C2B8B876C4D_1_105_c-768x875.jpeg 768w\" sizes=\"auto, (max-width: 299px) 100vw, 299px\" \/><\/figure><\/div>\n\n\n\n<p class=\"has-text-align-center\">*atelier collectif de d\u00e9couverte du <em><strong>portage physiologique <\/strong><\/em>, au RPE de Laguiole \u00e0 destination des familles utilisatrices du RPE<\/p>\n\n\n\n<p class=\"has-text-align-center\">*atelier collectif de d\u00e9couverte du <em><strong>portage physiologique<\/strong><\/em> au RPE de Mur de Barrez \u00e0 destination des familles utilisatrices du RPE <\/p>\n\n\n\n<div class=\"wp-block-image\"><figure class=\"aligncenter size-large is-resized\"><img decoding=\"async\" src=\"https:\/\/les-ateliers-dalex.fr\/wp-content\/uploads\/2024\/04\/IMG_6288-724x1024.jpg\" alt=\"\" class=\"wp-image-1895\" width=\"-247\" height=\"-348\" srcset=\"https:\/\/les-ateliers-dalex.fr\/wp-content\/uploads\/2024\/04\/IMG_6288-724x1024.jpg 724w, https:\/\/les-ateliers-dalex.fr\/wp-content\/uploads\/2024\/04\/IMG_6288-212x300.jpg 212w, https:\/\/les-ateliers-dalex.fr\/wp-content\/uploads\/2024\/04\/IMG_6288-768x1086.jpg 768w, https:\/\/les-ateliers-dalex.fr\/wp-content\/uploads\/2024\/04\/IMG_6288-1086x1536.jpg 1086w, https:\/\/les-ateliers-dalex.fr\/wp-content\/uploads\/2024\/04\/IMG_6288.jpg 1448w\" sizes=\"(max-width: 724px) 100vw, 724px\" \/><\/figure><\/div>\n\n\n\n<hr class=\"wp-block-separator\"\/>\n\n\n\n<p class=\"has-text-align-center\">Avec le <strong>Relais Petite Enfance  de la mairie d&rsquo;Onet-le-Ch\u00e2teau<\/strong> (12), 2 ateliers <em><strong>d\u00e9couverte de la p\u00e9dagogie Montessori,<\/strong><\/em> \u00e0 destination des assistantes maternelles<\/p>\n\n\n\n<figure class=\"wp-block-gallery columns-3 is-cropped wp-block-gallery-2 is-layout-flex wp-block-gallery-is-layout-flex\"><ul class=\"blocks-gallery-grid\"><li class=\"blocks-gallery-item\"><figure><img loading=\"lazy\" decoding=\"async\" width=\"1024\" height=\"1008\" src=\"https:\/\/les-ateliers-dalex.fr\/wp-content\/uploads\/2024\/04\/038FD9A1-221E-488F-9D74-DEEC653A19EB_1_105_c.jpeg\" alt=\"\" data-id=\"1883\" data-link=\"https:\/\/les-ateliers-dalex.fr\/?attachment_id=1883\" class=\"wp-image-1883\" srcset=\"https:\/\/les-ateliers-dalex.fr\/wp-content\/uploads\/2024\/04\/038FD9A1-221E-488F-9D74-DEEC653A19EB_1_105_c.jpeg 1024w, https:\/\/les-ateliers-dalex.fr\/wp-content\/uploads\/2024\/04\/038FD9A1-221E-488F-9D74-DEEC653A19EB_1_105_c-300x295.jpeg 300w, https:\/\/les-ateliers-dalex.fr\/wp-content\/uploads\/2024\/04\/038FD9A1-221E-488F-9D74-DEEC653A19EB_1_105_c-768x756.jpeg 768w\" sizes=\"auto, (max-width: 767px) 89vw, (max-width: 1000px) 54vw, (max-width: 1071px) 543px, 580px\" \/><\/figure><\/li><li class=\"blocks-gallery-item\"><figure><img loading=\"lazy\" decoding=\"async\" width=\"890\" height=\"1024\" src=\"https:\/\/les-ateliers-dalex.fr\/wp-content\/uploads\/2024\/04\/2030773C-D18F-471C-A9D7-4BD23F209ACB_1_105_c.jpeg\" alt=\"\" data-id=\"1885\" data-link=\"https:\/\/les-ateliers-dalex.fr\/?attachment_id=1885\" class=\"wp-image-1885\" srcset=\"https:\/\/les-ateliers-dalex.fr\/wp-content\/uploads\/2024\/04\/2030773C-D18F-471C-A9D7-4BD23F209ACB_1_105_c.jpeg 890w, https:\/\/les-ateliers-dalex.fr\/wp-content\/uploads\/2024\/04\/2030773C-D18F-471C-A9D7-4BD23F209ACB_1_105_c-261x300.jpeg 261w, https:\/\/les-ateliers-dalex.fr\/wp-content\/uploads\/2024\/04\/2030773C-D18F-471C-A9D7-4BD23F209ACB_1_105_c-768x884.jpeg 768w\" sizes=\"auto, (max-width: 767px) 89vw, (max-width: 1000px) 54vw, (max-width: 1071px) 543px, 580px\" \/><\/figure><\/li><li class=\"blocks-gallery-item\"><figure><img loading=\"lazy\" decoding=\"async\" width=\"1024\" height=\"741\" src=\"https:\/\/les-ateliers-dalex.fr\/wp-content\/uploads\/2024\/04\/E2711A69-98BF-4B38-8D31-D662FDE71A90_1_105_c-1024x741.jpeg\" alt=\"\" data-id=\"1886\" data-full-url=\"https:\/\/les-ateliers-dalex.fr\/wp-content\/uploads\/2024\/04\/E2711A69-98BF-4B38-8D31-D662FDE71A90_1_105_c.jpeg\" data-link=\"https:\/\/les-ateliers-dalex.fr\/?attachment_id=1886\" class=\"wp-image-1886\" srcset=\"https:\/\/les-ateliers-dalex.fr\/wp-content\/uploads\/2024\/04\/E2711A69-98BF-4B38-8D31-D662FDE71A90_1_105_c-1024x741.jpeg 1024w, https:\/\/les-ateliers-dalex.fr\/wp-content\/uploads\/2024\/04\/E2711A69-98BF-4B38-8D31-D662FDE71A90_1_105_c-300x217.jpeg 300w, https:\/\/les-ateliers-dalex.fr\/wp-content\/uploads\/2024\/04\/E2711A69-98BF-4B38-8D31-D662FDE71A90_1_105_c-768x556.jpeg 768w, https:\/\/les-ateliers-dalex.fr\/wp-content\/uploads\/2024\/04\/E2711A69-98BF-4B38-8D31-D662FDE71A90_1_105_c.jpeg 1042w\" sizes=\"auto, (max-width: 767px) 89vw, (max-width: 1000px) 54vw, (max-width: 1071px) 543px, 580px\" \/><\/figure><\/li><\/ul><\/figure>\n\n\n\n<hr class=\"wp-block-separator\"\/>\n\n\n\n<p class=\"has-text-align-center\">Et bien s\u00fbr tout au long de l&rsquo;ann\u00e9e, des ateliers de portage physiologique, des cycles de massage b\u00e9b\u00e9 , ainsi que des locations de porte-b\u00e9b\u00e9s <\/p>\n\n\n\n<figure class=\"wp-block-gallery columns-3 is-cropped wp-block-gallery-3 is-layout-flex wp-block-gallery-is-layout-flex\"><ul class=\"blocks-gallery-grid\"><li class=\"blocks-gallery-item\"><figure><img loading=\"lazy\" decoding=\"async\" width=\"1024\" height=\"1024\" src=\"https:\/\/les-ateliers-dalex.fr\/wp-content\/uploads\/2024\/04\/54E737C7-CAA5-4103-8052-F44AEA566335_1_105_c-1024x1024.jpeg\" alt=\"\" data-id=\"1887\" data-link=\"https:\/\/les-ateliers-dalex.fr\/?attachment_id=1887\" class=\"wp-image-1887\" srcset=\"https:\/\/les-ateliers-dalex.fr\/wp-content\/uploads\/2024\/04\/54E737C7-CAA5-4103-8052-F44AEA566335_1_105_c.jpeg 1024w, https:\/\/les-ateliers-dalex.fr\/wp-content\/uploads\/2024\/04\/54E737C7-CAA5-4103-8052-F44AEA566335_1_105_c-300x300.jpeg 300w, https:\/\/les-ateliers-dalex.fr\/wp-content\/uploads\/2024\/04\/54E737C7-CAA5-4103-8052-F44AEA566335_1_105_c-150x150.jpeg 150w, https:\/\/les-ateliers-dalex.fr\/wp-content\/uploads\/2024\/04\/54E737C7-CAA5-4103-8052-F44AEA566335_1_105_c-768x768.jpeg 768w, https:\/\/les-ateliers-dalex.fr\/wp-content\/uploads\/2024\/04\/54E737C7-CAA5-4103-8052-F44AEA566335_1_105_c-100x100.jpeg 100w\" sizes=\"auto, (max-width: 767px) 89vw, (max-width: 1000px) 54vw, (max-width: 1071px) 543px, 580px\" \/><\/figure><\/li><li class=\"blocks-gallery-item\"><figure><img loading=\"lazy\" decoding=\"async\" width=\"768\" height=\"1024\" src=\"https:\/\/les-ateliers-dalex.fr\/wp-content\/uploads\/2024\/04\/50768773-8470-44CD-ACED-3C270086241E_1_105_c.jpeg\" alt=\"\" data-id=\"1888\" data-link=\"https:\/\/les-ateliers-dalex.fr\/?attachment_id=1888\" class=\"wp-image-1888\" srcset=\"https:\/\/les-ateliers-dalex.fr\/wp-content\/uploads\/2024\/04\/50768773-8470-44CD-ACED-3C270086241E_1_105_c.jpeg 768w, https:\/\/les-ateliers-dalex.fr\/wp-content\/uploads\/2024\/04\/50768773-8470-44CD-ACED-3C270086241E_1_105_c-225x300.jpeg 225w\" sizes=\"auto, (max-width: 767px) 89vw, (max-width: 1000px) 54vw, (max-width: 1071px) 543px, 580px\" \/><\/figure><\/li><li class=\"blocks-gallery-item\"><figure><img loading=\"lazy\" decoding=\"async\" width=\"888\" height=\"1024\" src=\"https:\/\/les-ateliers-dalex.fr\/wp-content\/uploads\/2024\/04\/38F31FE5-942E-4416-88F3-0F0E211513B0_1_105_c.jpeg\" alt=\"\" data-id=\"1889\" data-full-url=\"https:\/\/les-ateliers-dalex.fr\/wp-content\/uploads\/2024\/04\/38F31FE5-942E-4416-88F3-0F0E211513B0_1_105_c.jpeg\" data-link=\"https:\/\/les-ateliers-dalex.fr\/?attachment_id=1889\" class=\"wp-image-1889\" srcset=\"https:\/\/les-ateliers-dalex.fr\/wp-content\/uploads\/2024\/04\/38F31FE5-942E-4416-88F3-0F0E211513B0_1_105_c.jpeg 888w, https:\/\/les-ateliers-dalex.fr\/wp-content\/uploads\/2024\/04\/38F31FE5-942E-4416-88F3-0F0E211513B0_1_105_c-260x300.jpeg 260w, https:\/\/les-ateliers-dalex.fr\/wp-content\/uploads\/2024\/04\/38F31FE5-942E-4416-88F3-0F0E211513B0_1_105_c-768x886.jpeg 768w\" sizes=\"auto, (max-width: 767px) 89vw, (max-width: 1000px) 54vw, (max-width: 1071px) 543px, 580px\" \/><\/figure><\/li><\/ul><\/figure>\n\n\n\n<hr class=\"wp-block-separator\"\/>\n\n\n\n<div class=\"wp-block-image\"><figure class=\"aligncenter size-full is-resized\"><img loading=\"lazy\" decoding=\"async\" src=\"https:\/\/les-ateliers-dalex.fr\/wp-content\/uploads\/2020\/04\/51BB4F02-6E78-4B9C-B26D-8C104D88778A.jpeg\" alt=\"\" class=\"wp-image-795\" width=\"350\" height=\"135\" srcset=\"https:\/\/les-ateliers-dalex.fr\/wp-content\/uploads\/2020\/04\/51BB4F02-6E78-4B9C-B26D-8C104D88778A.jpeg 500w, https:\/\/les-ateliers-dalex.fr\/wp-content\/uploads\/2020\/04\/51BB4F02-6E78-4B9C-B26D-8C104D88778A-300x116.jpeg 300w\" sizes=\"auto, (max-width: 350px) 100vw, 350px\" \/><\/figure><\/div>\n","protected":false},"excerpt":{"rendered":"<p>Avec le Centre Social Espalion Estaing (12): Animation d&rsquo;un groupe de parents \u00a0\u00bb Parents, parlons-en\u00a0\u00bb , 4 s\u00e9ances de septembre \u00e0 d\u00e9cembre Avec le Relais Petite Enfance \u00ab\u00a0R\u00eave Avec Moi\u00a0\u00bb de S\u00e9bazac (12) 2 ateliers collectifs de d\u00e9couverte du portage physiologique, pour les parents utilisateurs du RPE. Avec le Centre Social Tarn de Millau ( &hellip; <\/p>\n<p class=\"link-more\"><a href=\"https:\/\/les-ateliers-dalex.fr\/?page_id=1877\" class=\"more-link\">Continuer la lecture<span class=\"screen-reader-text\"> de &laquo;&nbsp;Mes actions et ateliers en 2022&nbsp;&raquo;<\/span><\/a><\/p>\n","protected":false},"author":1,"featured_media":0,"parent":0,"menu_order":0,"comment_status":"closed","ping_status":"closed","template":"","meta":{"footnotes":""},"class_list":["post-1877","page","type-page","status-publish","hentry"],"_links":{"self":[{"href":"https:\/\/les-ateliers-dalex.fr\/index.php?rest_route=\/wp\/v2\/pages\/1877","targetHints":{"allow":["GET"]}}],"collection":[{"href":"https:\/\/les-ateliers-dalex.fr\/index.php?rest_route=\/wp\/v2\/pages"}],"about":[{"href":"https:\/\/les-ateliers-dalex.fr\/index.php?rest_route=\/wp\/v2\/types\/page"}],"author":[{"embeddable":true,"href":"https:\/\/les-ateliers-dalex.fr\/index.php?rest_route=\/wp\/v2\/users\/1"}],"replies":[{"embeddable":true,"href":"https:\/\/les-ateliers-dalex.fr\/index.php?rest_route=%2Fwp%2Fv2%2Fcomments&post=1877"}],"version-history":[{"count":4,"href":"https:\/\/les-ateliers-dalex.fr\/index.php?rest_route=\/wp\/v2\/pages\/1877\/revisions"}],"predecessor-version":[{"id":1962,"href":"https:\/\/les-ateliers-dalex.fr\/index.php?rest_route=\/wp\/v2\/pages\/1877\/revisions\/1962"}],"wp:attachment":[{"href":"https:\/\/les-ateliers-dalex.fr\/index.php?rest_route=%2Fwp%2Fv2%2Fmedia&parent=1877"}],"curies":[{"name":"wp","href":"https:\/\/api.w.org\/{rel}","templated":true}]}}