{"id":1902,"date":"2024-04-29T15:01:34","date_gmt":"2024-04-29T13:01:34","guid":{"rendered":"https:\/\/les-ateliers-dalex.fr\/?page_id=1902"},"modified":"2025-03-25T13:46:46","modified_gmt":"2025-03-25T12:46:46","slug":"mes-ateliers-en-2023","status":"publish","type":"page","link":"https:\/\/les-ateliers-dalex.fr\/?page_id=1902","title":{"rendered":"Mes actions et ateliers en 2023"},"content":{"rendered":"\n<p class=\"has-text-align-center\">Avec le <strong>Centre Social Espalion-Estaing<\/strong> ( 12)<\/p>\n\n\n\n<p class=\"has-text-align-center\">*Animation d&rsquo;un <em><strong>groupe de parents<\/strong><\/em> \u00a0\u00bb Parents, parlons-en\u00a0\u00bb : 10 s\u00e9ances de janvier \u00e0 d\u00e9cembre.<\/p>\n\n\n\n<div class=\"wp-block-image\"><figure class=\"aligncenter size-large is-resized\"><img loading=\"lazy\" decoding=\"async\" src=\"https:\/\/les-ateliers-dalex.fr\/wp-content\/uploads\/2025\/03\/IMG_8223-724x1024.jpg\" alt=\"\" class=\"wp-image-1956\" width=\"320\" height=\"452\" srcset=\"https:\/\/les-ateliers-dalex.fr\/wp-content\/uploads\/2025\/03\/IMG_8223-724x1024.jpg 724w, https:\/\/les-ateliers-dalex.fr\/wp-content\/uploads\/2025\/03\/IMG_8223-212x300.jpg 212w, https:\/\/les-ateliers-dalex.fr\/wp-content\/uploads\/2025\/03\/IMG_8223-768x1086.jpg 768w, https:\/\/les-ateliers-dalex.fr\/wp-content\/uploads\/2025\/03\/IMG_8223.jpg 794w\" sizes=\"auto, (max-width: 320px) 100vw, 320px\" \/><\/figure><\/div>\n\n\n\n<p class=\"has-text-align-center\">*Animation de 3 ateliers de 2 heures autour de l&rsquo;<strong><em>accompagnement respectueux de l&rsquo;enfant<\/em><\/strong>.<\/p>\n\n\n\n<div class=\"wp-block-image\"><figure class=\"aligncenter size-large is-resized\"><img loading=\"lazy\" decoding=\"async\" src=\"https:\/\/les-ateliers-dalex.fr\/wp-content\/uploads\/2025\/03\/Copie-de-Mon-mois-de-novembre-2024.jpg-783x1024.jpg\" alt=\"\" class=\"wp-image-1955\" width=\"323\" height=\"422\" srcset=\"https:\/\/les-ateliers-dalex.fr\/wp-content\/uploads\/2025\/03\/Copie-de-Mon-mois-de-novembre-2024.jpg-783x1024.jpg 783w, https:\/\/les-ateliers-dalex.fr\/wp-content\/uploads\/2025\/03\/Copie-de-Mon-mois-de-novembre-2024.jpg-230x300.jpg 230w, https:\/\/les-ateliers-dalex.fr\/wp-content\/uploads\/2025\/03\/Copie-de-Mon-mois-de-novembre-2024.jpg-768x1004.jpg 768w, https:\/\/les-ateliers-dalex.fr\/wp-content\/uploads\/2025\/03\/Copie-de-Mon-mois-de-novembre-2024.jpg-1175x1536.jpg 1175w, https:\/\/les-ateliers-dalex.fr\/wp-content\/uploads\/2025\/03\/Copie-de-Mon-mois-de-novembre-2024.jpg.jpg 1218w\" sizes=\"auto, (max-width: 323px) 100vw, 323px\" \/><\/figure><\/div>\n\n\n\n<hr class=\"wp-block-separator\"\/>\n\n\n\n<p class=\"has-text-align-center\">Avec la <strong>Communaut\u00e9 de Communes Lot Comtal et Truy\u00e8re<\/strong> (12) :<em><strong> animation de la journ\u00e9e p\u00e9dagogique <\/strong><\/em>pour l&rsquo;\u00e9quipe de la micro-cr\u00e8che d&rsquo;Entraygues sur Truy\u00e8re ( 12) autour du jeu libre\/ de la place de l&rsquo;adulte dans le <em><strong>jeu libre,<\/strong><\/em> et autour des douces violences et de l&rsquo;<em><strong>accompagnement respectueux de l&rsquo;enfant<\/strong><\/em>.<\/p>\n\n\n\n<hr class=\"wp-block-separator\"\/>\n\n\n\n<p class=\"has-text-align-center\">Avec la <strong>Communaut\u00e9 de communes Aubrac-Carladez-Viad\u00e8ne<\/strong> ( 12) : animation d&rsquo;un <em><strong>atelier de sensibilisation au portage physiologique, <\/strong><\/em>pour l&rsquo;\u00e9quipe de la micro-cr\u00e8che de Mur de Barrez ( 12)<\/p>\n\n\n\n<figure class=\"wp-block-gallery columns-3 is-cropped wp-block-gallery-1 is-layout-flex wp-block-gallery-is-layout-flex\"><ul class=\"blocks-gallery-grid\"><li class=\"blocks-gallery-item\"><figure><img loading=\"lazy\" decoding=\"async\" width=\"1024\" height=\"1004\" src=\"https:\/\/les-ateliers-dalex.fr\/wp-content\/uploads\/2022\/07\/IMG_1659-1024x1004.jpg\" alt=\"\" data-id=\"1788\" data-full-url=\"https:\/\/les-ateliers-dalex.fr\/wp-content\/uploads\/2022\/07\/IMG_1659.jpg\" data-link=\"https:\/\/les-ateliers-dalex.fr\/?attachment_id=1788\" class=\"wp-image-1788\" srcset=\"https:\/\/les-ateliers-dalex.fr\/wp-content\/uploads\/2022\/07\/IMG_1659-1024x1004.jpg 1024w, https:\/\/les-ateliers-dalex.fr\/wp-content\/uploads\/2022\/07\/IMG_1659-300x294.jpg 300w, https:\/\/les-ateliers-dalex.fr\/wp-content\/uploads\/2022\/07\/IMG_1659-768x753.jpg 768w, https:\/\/les-ateliers-dalex.fr\/wp-content\/uploads\/2022\/07\/IMG_1659-1536x1506.jpg 1536w, https:\/\/les-ateliers-dalex.fr\/wp-content\/uploads\/2022\/07\/IMG_1659.jpg 1965w\" sizes=\"auto, (max-width: 767px) 89vw, (max-width: 1000px) 54vw, (max-width: 1071px) 543px, 580px\" \/><\/figure><\/li><li class=\"blocks-gallery-item\"><figure><img loading=\"lazy\" decoding=\"async\" width=\"703\" height=\"1024\" src=\"https:\/\/les-ateliers-dalex.fr\/wp-content\/uploads\/2022\/07\/IMG_2400-2-703x1024.jpg\" alt=\"\" data-id=\"1786\" data-full-url=\"https:\/\/les-ateliers-dalex.fr\/wp-content\/uploads\/2022\/07\/IMG_2400-2.jpg\" data-link=\"https:\/\/les-ateliers-dalex.fr\/?attachment_id=1786\" class=\"wp-image-1786\" srcset=\"https:\/\/les-ateliers-dalex.fr\/wp-content\/uploads\/2022\/07\/IMG_2400-2-703x1024.jpg 703w, https:\/\/les-ateliers-dalex.fr\/wp-content\/uploads\/2022\/07\/IMG_2400-2-206x300.jpg 206w, https:\/\/les-ateliers-dalex.fr\/wp-content\/uploads\/2022\/07\/IMG_2400-2.jpg 744w\" sizes=\"auto, (max-width: 703px) 100vw, 703px\" \/><\/figure><\/li><li class=\"blocks-gallery-item\"><figure><img loading=\"lazy\" decoding=\"async\" width=\"800\" height=\"800\" src=\"https:\/\/les-ateliers-dalex.fr\/wp-content\/uploads\/2022\/07\/yaro-waffles-black-pink-ring-sling.jpg\" alt=\"\" data-id=\"1781\" data-full-url=\"https:\/\/les-ateliers-dalex.fr\/wp-content\/uploads\/2022\/07\/yaro-waffles-black-pink-ring-sling.jpg\" data-link=\"https:\/\/les-ateliers-dalex.fr\/?attachment_id=1781\" class=\"wp-image-1781\" srcset=\"https:\/\/les-ateliers-dalex.fr\/wp-content\/uploads\/2022\/07\/yaro-waffles-black-pink-ring-sling.jpg 800w, https:\/\/les-ateliers-dalex.fr\/wp-content\/uploads\/2022\/07\/yaro-waffles-black-pink-ring-sling-300x300.jpg 300w, https:\/\/les-ateliers-dalex.fr\/wp-content\/uploads\/2022\/07\/yaro-waffles-black-pink-ring-sling-150x150.jpg 150w, https:\/\/les-ateliers-dalex.fr\/wp-content\/uploads\/2022\/07\/yaro-waffles-black-pink-ring-sling-768x768.jpg 768w, https:\/\/les-ateliers-dalex.fr\/wp-content\/uploads\/2022\/07\/yaro-waffles-black-pink-ring-sling-100x100.jpg 100w\" sizes=\"auto, (max-width: 767px) 89vw, (max-width: 1000px) 54vw, (max-width: 1071px) 543px, 580px\" \/><\/figure><\/li><\/ul><\/figure>\n\n\n\n<hr class=\"wp-block-separator\"\/>\n\n\n\n<p>Avec le <strong>Relais Petite Enfance \u00ab\u00a0R\u00eave avec moi\u00a0\u00bb de S\u00e9bazac <\/strong>( 12) : animation d&rsquo;un <em><strong>atelier collectif  de d\u00e9couverte du portage physiologique,<\/strong><\/em> pour les familles utilisatrices du RPE<\/p>\n\n\n\n<div class=\"wp-block-image\"><figure class=\"aligncenter size-large is-resized\"><img loading=\"lazy\" decoding=\"async\" src=\"https:\/\/les-ateliers-dalex.fr\/wp-content\/uploads\/2025\/03\/IMG_8229-724x1024.jpg\" alt=\"\" class=\"wp-image-1959\" width=\"366\" height=\"518\" srcset=\"https:\/\/les-ateliers-dalex.fr\/wp-content\/uploads\/2025\/03\/IMG_8229-724x1024.jpg 724w, https:\/\/les-ateliers-dalex.fr\/wp-content\/uploads\/2025\/03\/IMG_8229-212x300.jpg 212w, https:\/\/les-ateliers-dalex.fr\/wp-content\/uploads\/2025\/03\/IMG_8229-768x1086.jpg 768w, https:\/\/les-ateliers-dalex.fr\/wp-content\/uploads\/2025\/03\/IMG_8229-1086x1536.jpg 1086w, https:\/\/les-ateliers-dalex.fr\/wp-content\/uploads\/2025\/03\/IMG_8229.jpg 1191w\" sizes=\"auto, (max-width: 366px) 100vw, 366px\" \/><\/figure><\/div>\n\n\n\n<hr class=\"wp-block-separator\"\/>\n\n\n\n<p class=\"has-text-align-center\">Et tout le long de l&rsquo;ann\u00e9e, des ateliers individuels de portage physiologique, des cycles de massage b\u00e9b\u00e9 et des locations de porte-b\u00e9b\u00e9 <\/p>\n\n\n\n<figure class=\"wp-block-gallery columns-3 is-cropped wp-block-gallery-2 is-layout-flex wp-block-gallery-is-layout-flex\"><ul class=\"blocks-gallery-grid\"><li class=\"blocks-gallery-item\"><figure><img loading=\"lazy\" decoding=\"async\" width=\"614\" height=\"550\" src=\"https:\/\/les-ateliers-dalex.fr\/wp-content\/uploads\/2022\/01\/IMG_2877.jpg\" alt=\"\" data-id=\"1737\" data-full-url=\"https:\/\/les-ateliers-dalex.fr\/wp-content\/uploads\/2022\/01\/IMG_2877.jpg\" data-link=\"https:\/\/les-ateliers-dalex.fr\/?attachment_id=1737\" class=\"wp-image-1737\" srcset=\"https:\/\/les-ateliers-dalex.fr\/wp-content\/uploads\/2022\/01\/IMG_2877.jpg 614w, https:\/\/les-ateliers-dalex.fr\/wp-content\/uploads\/2022\/01\/IMG_2877-300x269.jpg 300w\" sizes=\"auto, (max-width: 614px) 100vw, 614px\" \/><\/figure><\/li><li class=\"blocks-gallery-item\"><figure><img loading=\"lazy\" decoding=\"async\" width=\"1024\" height=\"768\" src=\"https:\/\/les-ateliers-dalex.fr\/wp-content\/uploads\/2022\/01\/IMG_2822-1024x768.jpg\" alt=\"\" data-id=\"1740\" data-full-url=\"https:\/\/les-ateliers-dalex.fr\/wp-content\/uploads\/2022\/01\/IMG_2822-scaled.jpg\" data-link=\"https:\/\/les-ateliers-dalex.fr\/?attachment_id=1740\" class=\"wp-image-1740\" srcset=\"https:\/\/les-ateliers-dalex.fr\/wp-content\/uploads\/2022\/01\/IMG_2822-1024x768.jpg 1024w, https:\/\/les-ateliers-dalex.fr\/wp-content\/uploads\/2022\/01\/IMG_2822-300x225.jpg 300w, https:\/\/les-ateliers-dalex.fr\/wp-content\/uploads\/2022\/01\/IMG_2822-768x576.jpg 768w, https:\/\/les-ateliers-dalex.fr\/wp-content\/uploads\/2022\/01\/IMG_2822-1536x1152.jpg 1536w, https:\/\/les-ateliers-dalex.fr\/wp-content\/uploads\/2022\/01\/IMG_2822-2048x1536.jpg 2048w\" sizes=\"auto, (max-width: 767px) 89vw, (max-width: 1000px) 54vw, (max-width: 1071px) 543px, 580px\" \/><\/figure><\/li><li class=\"blocks-gallery-item\"><figure><img loading=\"lazy\" decoding=\"async\" width=\"831\" height=\"950\" src=\"https:\/\/les-ateliers-dalex.fr\/wp-content\/uploads\/2021\/05\/02F21882-25AA-4BD6-8EAD-AA64EE11FC5E.jpeg\" alt=\"\" data-id=\"1668\" data-full-url=\"https:\/\/les-ateliers-dalex.fr\/wp-content\/uploads\/2021\/05\/02F21882-25AA-4BD6-8EAD-AA64EE11FC5E.jpeg\" data-link=\"https:\/\/les-ateliers-dalex.fr\/?attachment_id=1668\" class=\"wp-image-1668\" srcset=\"https:\/\/les-ateliers-dalex.fr\/wp-content\/uploads\/2021\/05\/02F21882-25AA-4BD6-8EAD-AA64EE11FC5E.jpeg 831w, https:\/\/les-ateliers-dalex.fr\/wp-content\/uploads\/2021\/05\/02F21882-25AA-4BD6-8EAD-AA64EE11FC5E-262x300.jpeg 262w, https:\/\/les-ateliers-dalex.fr\/wp-content\/uploads\/2021\/05\/02F21882-25AA-4BD6-8EAD-AA64EE11FC5E-768x878.jpeg 768w\" sizes=\"auto, (max-width: 767px) 89vw, (max-width: 1000px) 54vw, (max-width: 1071px) 543px, 580px\" \/><figcaption class=\"blocks-gallery-item__caption\">semi-envelopp\u00e9 crois\u00e9 &amp; noeud coulissant<\/figcaption><\/figure><\/li><\/ul><\/figure>\n\n\n\n<hr class=\"wp-block-separator\"\/>\n\n\n\n<div class=\"wp-block-image\"><figure class=\"aligncenter size-full is-resized\"><img loading=\"lazy\" decoding=\"async\" src=\"https:\/\/les-ateliers-dalex.fr\/wp-content\/uploads\/2020\/04\/51BB4F02-6E78-4B9C-B26D-8C104D88778A.jpeg\" alt=\"\" class=\"wp-image-795\" width=\"324\" height=\"125\" srcset=\"https:\/\/les-ateliers-dalex.fr\/wp-content\/uploads\/2020\/04\/51BB4F02-6E78-4B9C-B26D-8C104D88778A.jpeg 500w, https:\/\/les-ateliers-dalex.fr\/wp-content\/uploads\/2020\/04\/51BB4F02-6E78-4B9C-B26D-8C104D88778A-300x116.jpeg 300w\" sizes=\"auto, (max-width: 324px) 100vw, 324px\" \/><\/figure><\/div>\n","protected":false},"excerpt":{"rendered":"<p>Avec le Centre Social Espalion-Estaing ( 12) *Animation d&rsquo;un groupe de parents \u00a0\u00bb Parents, parlons-en\u00a0\u00bb : 10 s\u00e9ances de janvier \u00e0 d\u00e9cembre. *Animation de 3 ateliers de 2 heures autour de l&rsquo;accompagnement respectueux de l&rsquo;enfant. Avec la Communaut\u00e9 de Communes Lot Comtal et Truy\u00e8re (12) : animation de la journ\u00e9e p\u00e9dagogique pour l&rsquo;\u00e9quipe de la &hellip; <\/p>\n<p class=\"link-more\"><a href=\"https:\/\/les-ateliers-dalex.fr\/?page_id=1902\" class=\"more-link\">Continuer la lecture<span class=\"screen-reader-text\"> de &laquo;&nbsp;Mes actions et ateliers en 2023&nbsp;&raquo;<\/span><\/a><\/p>\n","protected":false},"author":1,"featured_media":0,"parent":0,"menu_order":0,"comment_status":"closed","ping_status":"closed","template":"","meta":{"footnotes":""},"class_list":["post-1902","page","type-page","status-publish","hentry"],"_links":{"self":[{"href":"https:\/\/les-ateliers-dalex.fr\/index.php?rest_route=\/wp\/v2\/pages\/1902","targetHints":{"allow":["GET"]}}],"collection":[{"href":"https:\/\/les-ateliers-dalex.fr\/index.php?rest_route=\/wp\/v2\/pages"}],"about":[{"href":"https:\/\/les-ateliers-dalex.fr\/index.php?rest_route=\/wp\/v2\/types\/page"}],"author":[{"embeddable":true,"href":"https:\/\/les-ateliers-dalex.fr\/index.php?rest_route=\/wp\/v2\/users\/1"}],"replies":[{"embeddable":true,"href":"https:\/\/les-ateliers-dalex.fr\/index.php?rest_route=%2Fwp%2Fv2%2Fcomments&post=1902"}],"version-history":[{"count":3,"href":"https:\/\/les-ateliers-dalex.fr\/index.php?rest_route=\/wp\/v2\/pages\/1902\/revisions"}],"predecessor-version":[{"id":1960,"href":"https:\/\/les-ateliers-dalex.fr\/index.php?rest_route=\/wp\/v2\/pages\/1902\/revisions\/1960"}],"wp:attachment":[{"href":"https:\/\/les-ateliers-dalex.fr\/index.php?rest_route=%2Fwp%2Fv2%2Fmedia&parent=1902"}],"curies":[{"name":"wp","href":"https:\/\/api.w.org\/{rel}","templated":true}]}}