{"id":436,"date":"2020-01-16T15:31:19","date_gmt":"2020-01-16T14:31:19","guid":{"rendered":"https:\/\/lesateliersdalex.wordpress.com\/?page_id=436"},"modified":"2026-03-04T16:45:15","modified_gmt":"2026-03-04T15:45:15","slug":"securite-en-voiture-des-enfants-de-moins-de-10-ans","status":"publish","type":"page","link":"https:\/\/les-ateliers-dalex.fr\/?page_id=436","title":{"rendered":"En Voiture Simone"},"content":{"rendered":"\n<h4 class=\"wp-block-heading\">Ateliers de s\u00e9curit\u00e9 en voiture pour les enfants de moins de 10 ans<\/h4>\n\n\n\n<p class=\"has-text-align-center\">En Voiture Simone, c&rsquo;est un atelier qui aborde de mani\u00e8re g\u00e9n\u00e9rale la s\u00e9curit\u00e9 des enfants de moins de 10 ans en voiture. Si besoin, l&rsquo;atelier En Voiture Simone peut aborder de mani\u00e8re sp\u00e9cifique la sortie de maternit\u00e9 , les diff\u00e9rents groupes de si\u00e8ge-auto.<\/p>\n\n\n<div class=\"wp-block-image\">\n<figure class=\"aligncenter size-full is-resized\"><img loading=\"lazy\" decoding=\"async\" width=\"728\" height=\"664\" src=\"https:\/\/les-ateliers-dalex.fr\/wp-content\/uploads\/2026\/01\/IMG_0910.jpeg\" alt=\"\" class=\"wp-image-2175\" style=\"aspect-ratio:1.096380642537617;width:511px;height:auto\" srcset=\"https:\/\/les-ateliers-dalex.fr\/wp-content\/uploads\/2026\/01\/IMG_0910.jpeg 728w, https:\/\/les-ateliers-dalex.fr\/wp-content\/uploads\/2026\/01\/IMG_0910-300x274.jpeg 300w\" sizes=\"auto, (max-width: 728px) 100vw, 728px\" \/><\/figure>\n<\/div>\n\n\n<p class=\"has-text-align-center\">Passionn\u00e9e par la s\u00e9curit\u00e9 en voiture de nos chers enfants, je propose des ateliers pour les parents et les assistants maternels. Nous faisons le tri dans toutes les informations \u00e0 ce sujet, parlons des normes, des groupes de si\u00e8ges-auto.<\/p>\n\n\n<div class=\"wp-block-image\">\n<figure class=\"aligncenter size-large is-resized\"><img loading=\"lazy\" decoding=\"async\" width=\"768\" height=\"1024\" src=\"https:\/\/les-ateliers-dalex.fr\/wp-content\/uploads\/2020\/12\/4E232E85-0F86-4258-95D7-E39F0FDBD069-768x1024.jpeg\" alt=\"\" class=\"wp-image-1483\" style=\"aspect-ratio:0.7499999830206358;width:431px;height:auto\" srcset=\"https:\/\/les-ateliers-dalex.fr\/wp-content\/uploads\/2020\/12\/4E232E85-0F86-4258-95D7-E39F0FDBD069-768x1024.jpeg 768w, https:\/\/les-ateliers-dalex.fr\/wp-content\/uploads\/2020\/12\/4E232E85-0F86-4258-95D7-E39F0FDBD069-225x300.jpeg 225w, https:\/\/les-ateliers-dalex.fr\/wp-content\/uploads\/2020\/12\/4E232E85-0F86-4258-95D7-E39F0FDBD069-1152x1536.jpeg 1152w, https:\/\/les-ateliers-dalex.fr\/wp-content\/uploads\/2020\/12\/4E232E85-0F86-4258-95D7-E39F0FDBD069-1536x2048.jpeg 1536w, https:\/\/les-ateliers-dalex.fr\/wp-content\/uploads\/2020\/12\/4E232E85-0F86-4258-95D7-E39F0FDBD069-scaled.jpeg 1920w\" sizes=\"auto, (max-width: 767px) 89vw, (max-width: 1000px) 54vw, (max-width: 1071px) 543px, 580px\" \/><\/figure>\n<\/div>\n\n\n<p class=\"has-text-align-center\">Je propose de voir et de manipuler des si\u00e8ges de diff\u00e9rents groupes et vous parle des gestes \u00e0 adopter pour mettre en s\u00e9curit\u00e9 vos enfants.<\/p>\n\n\n\n<p class=\"has-text-align-center\">A la suite d&rsquo;un atelier je peux aussi vous proposer une aide au choix de votre futur si\u00e8ge auto.  Vous trouverez d&rsquo;ailleurs des tests de si\u00e8ges auto dans l&rsquo;onglet <a href=\"https:\/\/les-ateliers-dalex.fr\/?page_id=442\" target=\"_blank\" rel=\"noreferrer noopener\">\u00ab\u00a0Produits test\u00e9s\u00a0\u00bb <\/a>de ce site internet.<\/p>\n\n\n<div class=\"wp-block-image\">\n<figure class=\"aligncenter is-resized\"><img loading=\"lazy\" decoding=\"async\" width=\"960\" height=\"720\" src=\"http:\/\/les-ateliers-dalex.fr\/wp-content\/uploads\/2020\/01\/child-85321_960_720.jpg\" alt=\"\" class=\"wp-image-513\" style=\"width:572px;height:429px\" srcset=\"https:\/\/les-ateliers-dalex.fr\/wp-content\/uploads\/2020\/01\/child-85321_960_720.jpg 960w, https:\/\/les-ateliers-dalex.fr\/wp-content\/uploads\/2020\/01\/child-85321_960_720-300x225.jpg 300w, https:\/\/les-ateliers-dalex.fr\/wp-content\/uploads\/2020\/01\/child-85321_960_720-768x576.jpg 768w\" sizes=\"auto, (max-width: 767px) 89vw, (max-width: 1000px) 54vw, (max-width: 1071px) 543px, 580px\" \/><\/figure>\n<\/div>\n\n\n<p class=\"has-text-align-center\">Vous souhaitez participer \u00e0 un atelier En Voiture Simone? N&rsquo;h\u00e9sitez pas \u00e0 vous inscrire dans l&rsquo;onglet \u00ab\u00a0En savoir plus\u00a0\u00bb pour recevoir toutes les informations relatives \u00e0 mes ateliers, ou \u00e0 me<a rel=\"noreferrer noopener\" href=\"http:\/\/les-ateliers-dalex.fr\/?page_id=785\" target=\"_blank\"> contacter<\/a> pour plus de renseignements. Vous pouvez aussi solliciter le Centre Social de votre commune, votre Mairie, votre association  locale de soutien \u00e0 la parentalit\u00e9 pour me faire intervenir et proposer un atelier collectif ( Rodez (12) , Nord Aveyron (12))<\/p>\n\n\n<div class=\"wp-block-image\">\n<figure class=\"aligncenter is-resized\"><img loading=\"lazy\" decoding=\"async\" width=\"436\" height=\"203\" src=\"http:\/\/les-ateliers-dalex.fr\/wp-content\/uploads\/2020\/04\/4D84C99A-36B2-4C90-A645-C26E3E135009.jpeg\" alt=\"\" class=\"wp-image-793\" style=\"width:306px;height:142px\" srcset=\"https:\/\/les-ateliers-dalex.fr\/wp-content\/uploads\/2020\/04\/4D84C99A-36B2-4C90-A645-C26E3E135009.jpeg 436w, https:\/\/les-ateliers-dalex.fr\/wp-content\/uploads\/2020\/04\/4D84C99A-36B2-4C90-A645-C26E3E135009-300x140.jpeg 300w\" sizes=\"auto, (max-width: 436px) 100vw, 436px\" \/><\/figure>\n<\/div>","protected":false},"excerpt":{"rendered":"<p>Ateliers de s\u00e9curit\u00e9 en voiture pour les enfants de moins de 10 ans En Voiture Simone, c&rsquo;est un atelier qui aborde de mani\u00e8re g\u00e9n\u00e9rale la s\u00e9curit\u00e9 des enfants de moins de 10 ans en voiture. Si besoin, l&rsquo;atelier En Voiture Simone peut aborder de mani\u00e8re sp\u00e9cifique la sortie de maternit\u00e9 , les diff\u00e9rents groupes de &hellip; <\/p>\n<p class=\"link-more\"><a href=\"https:\/\/les-ateliers-dalex.fr\/?page_id=436\" class=\"more-link\">Continuer la lecture<span class=\"screen-reader-text\"> de &laquo;&nbsp;En Voiture Simone&nbsp;&raquo;<\/span><\/a><\/p>\n","protected":false},"author":1,"featured_media":0,"parent":0,"menu_order":0,"comment_status":"closed","ping_status":"closed","template":"","meta":{"footnotes":""},"class_list":["post-436","page","type-page","status-publish","hentry"],"_links":{"self":[{"href":"https:\/\/les-ateliers-dalex.fr\/index.php?rest_route=\/wp\/v2\/pages\/436","targetHints":{"allow":["GET"]}}],"collection":[{"href":"https:\/\/les-ateliers-dalex.fr\/index.php?rest_route=\/wp\/v2\/pages"}],"about":[{"href":"https:\/\/les-ateliers-dalex.fr\/index.php?rest_route=\/wp\/v2\/types\/page"}],"author":[{"embeddable":true,"href":"https:\/\/les-ateliers-dalex.fr\/index.php?rest_route=\/wp\/v2\/users\/1"}],"replies":[{"embeddable":true,"href":"https:\/\/les-ateliers-dalex.fr\/index.php?rest_route=%2Fwp%2Fv2%2Fcomments&post=436"}],"version-history":[{"count":9,"href":"https:\/\/les-ateliers-dalex.fr\/index.php?rest_route=\/wp\/v2\/pages\/436\/revisions"}],"predecessor-version":[{"id":2242,"href":"https:\/\/les-ateliers-dalex.fr\/index.php?rest_route=\/wp\/v2\/pages\/436\/revisions\/2242"}],"wp:attachment":[{"href":"https:\/\/les-ateliers-dalex.fr\/index.php?rest_route=%2Fwp%2Fv2%2Fmedia&parent=436"}],"curies":[{"name":"wp","href":"https:\/\/api.w.org\/{rel}","templated":true}]}}