{"id":438,"date":"2020-01-16T15:31:23","date_gmt":"2020-01-16T14:31:23","guid":{"rendered":"https:\/\/lesateliersdalex.wordpress.com\/?page_id=438"},"modified":"2025-12-11T14:55:38","modified_gmt":"2025-12-11T13:55:38","slug":"portage-physiologique","status":"publish","type":"page","link":"https:\/\/les-ateliers-dalex.fr\/?page_id=438","title":{"rendered":"La T\u00eate dans les Nouages"},"content":{"rendered":"\n<h4 class=\"wp-block-heading\">Atelier de portage physiologique<\/h4>\n\n\n\n<div class=\"wp-block-image is-style-rounded\"><figure class=\"aligncenter size-large is-resized\"><img loading=\"lazy\" decoding=\"async\" src=\"https:\/\/les-ateliers-dalex.fr\/wp-content\/uploads\/2025\/11\/017-768x1024.jpg\" alt=\"\" class=\"wp-image-2141\" width=\"331\" height=\"438\"\/><\/figure><\/div>\n\n\n\n<p class=\"has-text-align-center\">Form\u00e9e par l&rsquo;\u00e9cole de portage TELP ( Transmettre Ensemble Le Portage) et  le CNFPB(Centre National de Formation au Portage des B\u00e9b\u00e9s), je  propose des ateliers de portage physiologique.  En 2O2O j&rsquo;ai suivi la formation sp\u00e9cifique \u00ab\u00a0Portage et RGO\u00a0\u00bb propos\u00e9e par le CNFPB.<\/p>\n\n\n\n<div class=\"wp-block-image\"><figure class=\"aligncenter is-resized\"><img loading=\"lazy\" decoding=\"async\" src=\"http:\/\/les-ateliers-dalex.fr\/wp-content\/uploads\/2020\/04\/baby-1681189_960_720.jpg\" alt=\"\" class=\"wp-image-694\" width=\"390\" height=\"260\" srcset=\"https:\/\/les-ateliers-dalex.fr\/wp-content\/uploads\/2020\/04\/baby-1681189_960_720.jpg 960w, https:\/\/les-ateliers-dalex.fr\/wp-content\/uploads\/2020\/04\/baby-1681189_960_720-300x200.jpg 300w, https:\/\/les-ateliers-dalex.fr\/wp-content\/uploads\/2020\/04\/baby-1681189_960_720-768x512.jpg 768w\" sizes=\"auto, (max-width: 390px) 100vw, 390px\" \/><\/figure><\/div>\n\n\n\n<p class=\"has-text-align-center\">Afin de vous faire d\u00e9couvrir les bienfaits du portage physiologique et les diff\u00e9rents moyens de portage qui existent, je vous propose plusieurs types d&rsquo;ateliers : <\/p>\n\n\n\n<p class=\"has-text-align-center\"><strong>Atelier d\u00e9couverte du portage<\/strong> <em>( apports th\u00e9oriques autour du d\u00e9veloppement de b\u00e9b\u00e9, de sa physiologie, d\u00e9couverte des diff\u00e9rents moyens de portage, portage \u00e0 bras ), cet atelier est id\u00e9al en p\u00e9riode pr\u00e9-natale. <\/em> <\/p>\n\n\n\n<p class=\"has-text-align-center\"><strong>Atelier pratique<\/strong>: <em>lors de cet atelier nous cherchons ensemble l&rsquo;installation la plus adapt\u00e9e \u00e0 vos besoins, c&rsquo;est l&rsquo;atelier id\u00e9al apr\u00e8s la naissance de b\u00e9b\u00e9 afin de choisir le moyen de portage qui vous conviendra le mieux, et\/ou si vous poss\u00e9dez d\u00e9j\u00e0 des moyens de portage nous voyons ensemble les installations possibles<\/em>. <\/p>\n\n\n\n<p class=\"has-text-align-center\"><strong>Atelier de perfectionnement<\/strong>: v<em>ous avez d\u00e9j\u00e0 suivi un atelier de portage, vous avez envie de d\u00e9couvrir d&rsquo;autres noeuds avec votre moyen de portage, vous souhaitez tester d&rsquo;autres moyens de portage, vous souhaitez porter votre enfant dans le dos<\/em>.<\/p>\n\n\n\n<figure class=\"wp-block-gallery columns-2 is-cropped wp-block-gallery-1 is-layout-flex wp-block-gallery-is-layout-flex\"><ul class=\"blocks-gallery-grid\"><li class=\"blocks-gallery-item\"><figure><img loading=\"lazy\" decoding=\"async\" width=\"1024\" height=\"994\" src=\"https:\/\/les-ateliers-dalex.fr\/wp-content\/uploads\/2022\/01\/UNADJUSTEDNONRAW_thumb_9e2e.jpg\" alt=\"\" data-id=\"1725\" data-full-url=\"https:\/\/les-ateliers-dalex.fr\/wp-content\/uploads\/2022\/01\/UNADJUSTEDNONRAW_thumb_9e2e.jpg\" data-link=\"https:\/\/les-ateliers-dalex.fr\/?attachment_id=1725\" class=\"wp-image-1725\" srcset=\"https:\/\/les-ateliers-dalex.fr\/wp-content\/uploads\/2022\/01\/UNADJUSTEDNONRAW_thumb_9e2e.jpg 1024w, https:\/\/les-ateliers-dalex.fr\/wp-content\/uploads\/2022\/01\/UNADJUSTEDNONRAW_thumb_9e2e-300x291.jpg 300w, https:\/\/les-ateliers-dalex.fr\/wp-content\/uploads\/2022\/01\/UNADJUSTEDNONRAW_thumb_9e2e-768x746.jpg 768w\" sizes=\"auto, (max-width: 767px) 89vw, (max-width: 1000px) 54vw, (max-width: 1071px) 543px, 580px\" \/><\/figure><\/li><li class=\"blocks-gallery-item\"><figure><img loading=\"lazy\" decoding=\"async\" width=\"1024\" height=\"1024\" src=\"http:\/\/les-ateliers-dalex.fr\/wp-content\/uploads\/2020\/04\/B960DBA2-C2F5-4FE2-8A06-618AE2142A16-1024x1024.jpeg\" alt=\"\" data-id=\"696\" data-link=\"http:\/\/les-ateliers-dalex.fr\/?attachment_id=696\" class=\"wp-image-696\"\/><\/figure><\/li><\/ul><\/figure>\n\n\n\n<p class=\"has-text-align-center\"> Je vous re\u00e7ois \u00e0 mon domicile \u00e0 Estaing ( 12) ou bien nous pouvons organiser l&rsquo;atelier \u00e0 Rodez (12) . Sur demande je peux aussi me d\u00e9placer \u00e0 votre domicile dans un rayon de 40 minutes autour d&rsquo;Estaing.<\/p>\n\n\n\n<p class=\"has-text-align-center\">Lors des ateliers, je vous pr\u00eate le mat\u00e9riel dont vous avez besoin ( poupon de portage, outils de portage) mais je vous invite fortement \u00e0 prendre votre propre mat\u00e9riel si vous en avez. L&rsquo;id\u00e9e pour moi \u00e9tant de vous aider et de vous guider dans l&rsquo;utilisation de votre mat\u00e9riel.<\/p>\n\n\n\n<h6 class=\"has-text-align-center wp-block-heading\">Tarif et dur\u00e9e des ateliers<\/h6>\n\n\n\n<p class=\"has-text-align-center\">Atelier individuel ( ou couple) \u00e0 mon domicile: <strong>50 Euros<\/strong>. <em>2h<\/em><\/p>\n\n\n\n<p class=\"has-text-align-center\">Atelier individuel ( ou couple) \u00e0 votre domicile: <strong>60 Euros<\/strong>. <em>2h<\/em><\/p>\n\n\n\n<p class=\"has-text-align-center\">Atelier collectif \u00e0 mon domicile: <strong>35 Euros<\/strong> par personne, <strong>10 Euros<\/strong> par accompagnant ( co-parent\/gd-parent) <em>2h30\/3h<\/em><\/p>\n\n\n\n<p class=\"has-text-align-center\">Atelier collectif \u00e0 votre domicile: <strong>45 Euros<\/strong> par personne, <strong>10 Euros<\/strong> par accompagnant ( co-parent\/ gd-parent) <em>2h30\/3h<\/em><\/p>\n\n\n\n<p class=\"has-text-align-center\">Forfait 2 ateliers \u00e0 votre domicile : <strong>100 Euros<\/strong><\/p>\n\n\n\n<p class=\"has-text-align-center\">Je propose aussi des cartes cadeau \u00ab\u00a0Portage physiologique- La T\u00eate Dans les Nouages\u00a0\u00bb, pensez-y pour vos cadeaux de naissance.<\/p>\n\n\n\n<div class=\"wp-block-image\"><figure class=\"aligncenter is-resized\"><img loading=\"lazy\" decoding=\"async\" src=\"http:\/\/les-ateliers-dalex.fr\/wp-content\/uploads\/2020\/04\/D311A49D-8986-4B0A-83B4-FCF5D7631B70.jpeg\" alt=\"\" class=\"wp-image-724\" width=\"431\" height=\"306\" srcset=\"https:\/\/les-ateliers-dalex.fr\/wp-content\/uploads\/2020\/04\/D311A49D-8986-4B0A-83B4-FCF5D7631B70.jpeg 559w, https:\/\/les-ateliers-dalex.fr\/wp-content\/uploads\/2020\/04\/D311A49D-8986-4B0A-83B4-FCF5D7631B70-300x213.jpeg 300w\" sizes=\"auto, (max-width: 431px) 100vw, 431px\" \/><\/figure><\/div>\n\n\n\n<p class=\"has-text-align-center\">N&rsquo;h\u00e9sitez pas  \u00e0 vous inscrire dans l&rsquo;onglet \u00ab\u00a0En savoir plus\u00a0\u00bb pour recevoir toutes les informations relatives \u00e0 mes ateliers Vous pouvez aussi  me <a rel=\"noreferrer noopener\" href=\"http:\/\/les-ateliers-dalex.fr\/?page_id=785\" target=\"_blank\">contacte<\/a>r si vous voulez vous renseigner sur le portage ou si vous voulez r\u00e9server un atelier.<\/p>\n\n\n\n<div class=\"wp-block-image\"><figure class=\"aligncenter size-large\"><img loading=\"lazy\" decoding=\"async\" width=\"1024\" height=\"1024\" src=\"https:\/\/les-ateliers-dalex.fr\/wp-content\/uploads\/2021\/02\/HD_2-1024x1024.png\" alt=\"\" class=\"wp-image-1520\" srcset=\"https:\/\/les-ateliers-dalex.fr\/wp-content\/uploads\/2021\/02\/HD_2-1024x1024.png 1024w, https:\/\/les-ateliers-dalex.fr\/wp-content\/uploads\/2021\/02\/HD_2-300x300.png 300w, https:\/\/les-ateliers-dalex.fr\/wp-content\/uploads\/2021\/02\/HD_2-150x150.png 150w, https:\/\/les-ateliers-dalex.fr\/wp-content\/uploads\/2021\/02\/HD_2-768x768.png 768w, https:\/\/les-ateliers-dalex.fr\/wp-content\/uploads\/2021\/02\/HD_2-100x100.png 100w, https:\/\/les-ateliers-dalex.fr\/wp-content\/uploads\/2021\/02\/HD_2.png 1181w\" sizes=\"auto, (max-width: 767px) 89vw, (max-width: 1000px) 54vw, (max-width: 1071px) 543px, 580px\" \/><\/figure><\/div>\n\n\n\n<div class=\"wp-block-image\"><figure class=\"aligncenter is-resized\"><img loading=\"lazy\" decoding=\"async\" src=\"http:\/\/les-ateliers-dalex.fr\/wp-content\/uploads\/2020\/04\/AFD566B8-891B-45DF-8029-583C8D60E71E.jpeg\" alt=\"\" class=\"wp-image-791\" width=\"312\" height=\"126\" srcset=\"https:\/\/les-ateliers-dalex.fr\/wp-content\/uploads\/2020\/04\/AFD566B8-891B-45DF-8029-583C8D60E71E.jpeg 500w, https:\/\/les-ateliers-dalex.fr\/wp-content\/uploads\/2020\/04\/AFD566B8-891B-45DF-8029-583C8D60E71E-300x121.jpeg 300w\" sizes=\"auto, (max-width: 312px) 100vw, 312px\" \/><\/figure><\/div>\n","protected":false},"excerpt":{"rendered":"<p>Atelier de portage physiologique Form\u00e9e par l&rsquo;\u00e9cole de portage TELP ( Transmettre Ensemble Le Portage) et le CNFPB(Centre National de Formation au Portage des B\u00e9b\u00e9s), je propose des ateliers de portage physiologique. En 2O2O j&rsquo;ai suivi la formation sp\u00e9cifique \u00ab\u00a0Portage et RGO\u00a0\u00bb propos\u00e9e par le CNFPB. Afin de vous faire d\u00e9couvrir les bienfaits du portage &hellip; <\/p>\n<p class=\"link-more\"><a href=\"https:\/\/les-ateliers-dalex.fr\/?page_id=438\" class=\"more-link\">Continuer la lecture<span class=\"screen-reader-text\"> de &laquo;&nbsp;La T\u00eate dans les Nouages&nbsp;&raquo;<\/span><\/a><\/p>\n","protected":false},"author":1,"featured_media":0,"parent":0,"menu_order":0,"comment_status":"closed","ping_status":"closed","template":"","meta":{"footnotes":""},"class_list":["post-438","page","type-page","status-publish","hentry"],"_links":{"self":[{"href":"https:\/\/les-ateliers-dalex.fr\/index.php?rest_route=\/wp\/v2\/pages\/438","targetHints":{"allow":["GET"]}}],"collection":[{"href":"https:\/\/les-ateliers-dalex.fr\/index.php?rest_route=\/wp\/v2\/pages"}],"about":[{"href":"https:\/\/les-ateliers-dalex.fr\/index.php?rest_route=\/wp\/v2\/types\/page"}],"author":[{"embeddable":true,"href":"https:\/\/les-ateliers-dalex.fr\/index.php?rest_route=\/wp\/v2\/users\/1"}],"replies":[{"embeddable":true,"href":"https:\/\/les-ateliers-dalex.fr\/index.php?rest_route=%2Fwp%2Fv2%2Fcomments&post=438"}],"version-history":[{"count":21,"href":"https:\/\/les-ateliers-dalex.fr\/index.php?rest_route=\/wp\/v2\/pages\/438\/revisions"}],"predecessor-version":[{"id":2157,"href":"https:\/\/les-ateliers-dalex.fr\/index.php?rest_route=\/wp\/v2\/pages\/438\/revisions\/2157"}],"wp:attachment":[{"href":"https:\/\/les-ateliers-dalex.fr\/index.php?rest_route=%2Fwp%2Fv2%2Fmedia&parent=438"}],"curies":[{"name":"wp","href":"https:\/\/api.w.org\/{rel}","templated":true}]}}