{"id":439,"date":"2020-01-16T15:31:25","date_gmt":"2020-01-16T14:31:25","guid":{"rendered":"https:\/\/lesateliersdalex.wordpress.com\/?page_id=439"},"modified":"2020-09-07T14:10:23","modified_gmt":"2020-09-07T12:10:23","slug":"montessori","status":"publish","type":"page","link":"https:\/\/les-ateliers-dalex.fr\/?page_id=439","title":{"rendered":"Apprends Moi \u00e0 Faire Seul"},"content":{"rendered":"\n<h4 class=\"wp-block-heading\">Atelier d&rsquo;inspiration Montessori pour les enfants de 0 \u00e0 3 ans.<\/h4>\n\n\n\n<div class=\"wp-block-image\"><figure class=\"aligncenter is-resized\"><img loading=\"lazy\" decoding=\"async\" src=\"http:\/\/les-ateliers-dalex.fr\/wp-content\/uploads\/2019\/11\/apprends-moi-a-faire-seul-info-1024x791.png\" alt=\"\" class=\"wp-image-307\" width=\"547\" height=\"422\" srcset=\"https:\/\/les-ateliers-dalex.fr\/wp-content\/uploads\/2019\/11\/apprends-moi-a-faire-seul-info-1024x791.png 1024w, https:\/\/les-ateliers-dalex.fr\/wp-content\/uploads\/2019\/11\/apprends-moi-a-faire-seul-info-300x232.png 300w, https:\/\/les-ateliers-dalex.fr\/wp-content\/uploads\/2019\/11\/apprends-moi-a-faire-seul-info-768x593.png 768w, https:\/\/les-ateliers-dalex.fr\/wp-content\/uploads\/2019\/11\/apprends-moi-a-faire-seul-info.png 1056w\" sizes=\"auto, (max-width: 547px) 100vw, 547px\" \/><\/figure><\/div>\n\n\n\n<p class=\"has-text-align-center\">Form\u00e9e par \u00ab\u00a0Appendre Montessori- Sylvie d&rsquo;Esclaibes\u00a0\u00bb et par  le \u00ab\u00a0Centre Nascita d&rsquo;Angers\u00a0\u00bb en p\u00e9dagogie Montessori 0-3ans, je propose des ateliers pour les enfants de moins de 3 ans.<\/p>\n\n\n\n<div class=\"wp-block-image\"><figure class=\"aligncenter is-resized\"><img loading=\"lazy\" decoding=\"async\" src=\"http:\/\/les-ateliers-dalex.fr\/wp-content\/uploads\/2020\/04\/22BBB25E-376E-4234-8DE5-1F9F4584A250-1024x682.jpeg\" alt=\"\" class=\"wp-image-726\" width=\"385\" height=\"256\" srcset=\"https:\/\/les-ateliers-dalex.fr\/wp-content\/uploads\/2020\/04\/22BBB25E-376E-4234-8DE5-1F9F4584A250-1024x682.jpeg 1024w, https:\/\/les-ateliers-dalex.fr\/wp-content\/uploads\/2020\/04\/22BBB25E-376E-4234-8DE5-1F9F4584A250-300x200.jpeg 300w, https:\/\/les-ateliers-dalex.fr\/wp-content\/uploads\/2020\/04\/22BBB25E-376E-4234-8DE5-1F9F4584A250-768x512.jpeg 768w, https:\/\/les-ateliers-dalex.fr\/wp-content\/uploads\/2020\/04\/22BBB25E-376E-4234-8DE5-1F9F4584A250.jpeg 1280w\" sizes=\"auto, (max-width: 385px) 100vw, 385px\" \/><\/figure><\/div>\n\n\n\n<p class=\"has-text-align-center\">Am\u00e9nagement de l&rsquo;espace, mat\u00e9riel et jeux propos\u00e9s, posture de l&rsquo;adulte,observation autant de sujets passionnants pour offrir aux b\u00e9b\u00e9s un accompagnement personnalis\u00e9. <\/p>\n\n\n\n<figure class=\"wp-block-gallery columns-3 is-cropped wp-block-gallery-1 is-layout-flex wp-block-gallery-is-layout-flex\"><ul class=\"blocks-gallery-grid\"><li class=\"blocks-gallery-item\"><figure><img loading=\"lazy\" decoding=\"async\" width=\"577\" height=\"1024\" src=\"http:\/\/les-ateliers-dalex.fr\/wp-content\/uploads\/2020\/04\/1BFF95AD-29B2-4847-B2C0-42F0EB471310-577x1024.jpeg\" alt=\"\" data-id=\"741\" data-link=\"http:\/\/les-ateliers-dalex.fr\/?attachment_id=741\" class=\"wp-image-741\" srcset=\"https:\/\/les-ateliers-dalex.fr\/wp-content\/uploads\/2020\/04\/1BFF95AD-29B2-4847-B2C0-42F0EB471310-577x1024.jpeg 577w, https:\/\/les-ateliers-dalex.fr\/wp-content\/uploads\/2020\/04\/1BFF95AD-29B2-4847-B2C0-42F0EB471310-169x300.jpeg 169w, https:\/\/les-ateliers-dalex.fr\/wp-content\/uploads\/2020\/04\/1BFF95AD-29B2-4847-B2C0-42F0EB471310.jpeg 640w\" sizes=\"auto, (max-width: 577px) 100vw, 577px\" \/><\/figure><\/li><li class=\"blocks-gallery-item\"><figure><img loading=\"lazy\" decoding=\"async\" width=\"1024\" height=\"1024\" src=\"http:\/\/les-ateliers-dalex.fr\/wp-content\/uploads\/2020\/04\/EE5DC2F6-33BA-4500-B5ED-113B30206E29-1024x1024.jpeg\" alt=\"\" data-id=\"742\" data-link=\"http:\/\/les-ateliers-dalex.fr\/?attachment_id=742\" class=\"wp-image-742\" srcset=\"https:\/\/les-ateliers-dalex.fr\/wp-content\/uploads\/2020\/04\/EE5DC2F6-33BA-4500-B5ED-113B30206E29-1024x1024.jpeg 1024w, https:\/\/les-ateliers-dalex.fr\/wp-content\/uploads\/2020\/04\/EE5DC2F6-33BA-4500-B5ED-113B30206E29-150x150.jpeg 150w, https:\/\/les-ateliers-dalex.fr\/wp-content\/uploads\/2020\/04\/EE5DC2F6-33BA-4500-B5ED-113B30206E29-300x300.jpeg 300w, https:\/\/les-ateliers-dalex.fr\/wp-content\/uploads\/2020\/04\/EE5DC2F6-33BA-4500-B5ED-113B30206E29-768x768.jpeg 768w, https:\/\/les-ateliers-dalex.fr\/wp-content\/uploads\/2020\/04\/EE5DC2F6-33BA-4500-B5ED-113B30206E29.jpeg 1201w, https:\/\/les-ateliers-dalex.fr\/wp-content\/uploads\/2020\/04\/EE5DC2F6-33BA-4500-B5ED-113B30206E29-100x100.jpeg 100w\" sizes=\"auto, (max-width: 767px) 89vw, (max-width: 1000px) 54vw, (max-width: 1071px) 543px, 580px\" \/><\/figure><\/li><li class=\"blocks-gallery-item\"><figure><img loading=\"lazy\" decoding=\"async\" width=\"1024\" height=\"1024\" src=\"http:\/\/les-ateliers-dalex.fr\/wp-content\/uploads\/2020\/04\/EC707EB6-3F08-4709-A4E2-5AAD259158F8-1024x1024.jpeg\" alt=\"\" data-id=\"740\" data-link=\"http:\/\/les-ateliers-dalex.fr\/?attachment_id=740\" class=\"wp-image-740\" srcset=\"https:\/\/les-ateliers-dalex.fr\/wp-content\/uploads\/2020\/04\/EC707EB6-3F08-4709-A4E2-5AAD259158F8-1024x1024.jpeg 1024w, https:\/\/les-ateliers-dalex.fr\/wp-content\/uploads\/2020\/04\/EC707EB6-3F08-4709-A4E2-5AAD259158F8-150x150.jpeg 150w, https:\/\/les-ateliers-dalex.fr\/wp-content\/uploads\/2020\/04\/EC707EB6-3F08-4709-A4E2-5AAD259158F8-300x300.jpeg 300w, https:\/\/les-ateliers-dalex.fr\/wp-content\/uploads\/2020\/04\/EC707EB6-3F08-4709-A4E2-5AAD259158F8-768x768.jpeg 768w, https:\/\/les-ateliers-dalex.fr\/wp-content\/uploads\/2020\/04\/EC707EB6-3F08-4709-A4E2-5AAD259158F8-100x100.jpeg 100w, https:\/\/les-ateliers-dalex.fr\/wp-content\/uploads\/2020\/04\/EC707EB6-3F08-4709-A4E2-5AAD259158F8.jpeg 1440w\" sizes=\"auto, (max-width: 767px) 89vw, (max-width: 1000px) 54vw, (max-width: 1071px) 543px, 580px\" \/><\/figure><\/li><li class=\"blocks-gallery-item\"><figure><img loading=\"lazy\" decoding=\"async\" width=\"768\" height=\"1024\" src=\"http:\/\/les-ateliers-dalex.fr\/wp-content\/uploads\/2020\/04\/60DED977-09B2-41AF-9F98-9B808A2724D1-e1585809174859-768x1024.jpeg\" alt=\"\" data-id=\"738\" data-link=\"http:\/\/les-ateliers-dalex.fr\/?attachment_id=738\" class=\"wp-image-738\" srcset=\"https:\/\/les-ateliers-dalex.fr\/wp-content\/uploads\/2020\/04\/60DED977-09B2-41AF-9F98-9B808A2724D1-e1585809174859-768x1024.jpeg 768w, https:\/\/les-ateliers-dalex.fr\/wp-content\/uploads\/2020\/04\/60DED977-09B2-41AF-9F98-9B808A2724D1-e1585809174859-225x300.jpeg 225w\" sizes=\"auto, (max-width: 767px) 89vw, (max-width: 1000px) 54vw, (max-width: 1071px) 543px, 580px\" \/><\/figure><\/li><li class=\"blocks-gallery-item\"><figure><img loading=\"lazy\" decoding=\"async\" width=\"1024\" height=\"1024\" src=\"http:\/\/les-ateliers-dalex.fr\/wp-content\/uploads\/2020\/04\/D59E2E0F-A93A-4C30-AA81-B92D1D7173AF-1024x1024.jpeg\" alt=\"\" data-id=\"739\" data-link=\"http:\/\/les-ateliers-dalex.fr\/?attachment_id=739\" class=\"wp-image-739\" srcset=\"https:\/\/les-ateliers-dalex.fr\/wp-content\/uploads\/2020\/04\/D59E2E0F-A93A-4C30-AA81-B92D1D7173AF-1024x1024.jpeg 1024w, https:\/\/les-ateliers-dalex.fr\/wp-content\/uploads\/2020\/04\/D59E2E0F-A93A-4C30-AA81-B92D1D7173AF-150x150.jpeg 150w, https:\/\/les-ateliers-dalex.fr\/wp-content\/uploads\/2020\/04\/D59E2E0F-A93A-4C30-AA81-B92D1D7173AF-300x300.jpeg 300w, https:\/\/les-ateliers-dalex.fr\/wp-content\/uploads\/2020\/04\/D59E2E0F-A93A-4C30-AA81-B92D1D7173AF-768x768.jpeg 768w, https:\/\/les-ateliers-dalex.fr\/wp-content\/uploads\/2020\/04\/D59E2E0F-A93A-4C30-AA81-B92D1D7173AF-100x100.jpeg 100w, https:\/\/les-ateliers-dalex.fr\/wp-content\/uploads\/2020\/04\/D59E2E0F-A93A-4C30-AA81-B92D1D7173AF.jpeg 1440w\" sizes=\"auto, (max-width: 767px) 89vw, (max-width: 1000px) 54vw, (max-width: 1071px) 543px, 580px\" \/><\/figure><\/li><li class=\"blocks-gallery-item\"><figure><img loading=\"lazy\" decoding=\"async\" width=\"768\" height=\"1024\" src=\"http:\/\/les-ateliers-dalex.fr\/wp-content\/uploads\/2020\/04\/34F39D06-51C4-4EBA-AF1D-7AC40B4CC957-e1585809236895-768x1024.jpeg\" alt=\"\" data-id=\"737\" data-link=\"http:\/\/les-ateliers-dalex.fr\/?attachment_id=737\" class=\"wp-image-737\" srcset=\"https:\/\/les-ateliers-dalex.fr\/wp-content\/uploads\/2020\/04\/34F39D06-51C4-4EBA-AF1D-7AC40B4CC957-e1585809236895-768x1024.jpeg 768w, https:\/\/les-ateliers-dalex.fr\/wp-content\/uploads\/2020\/04\/34F39D06-51C4-4EBA-AF1D-7AC40B4CC957-e1585809236895-225x300.jpeg 225w\" sizes=\"auto, (max-width: 767px) 89vw, (max-width: 1000px) 54vw, (max-width: 1071px) 543px, 580px\" \/><\/figure><\/li><\/ul><\/figure>\n\n\n\n<p class=\"has-text-align-center\">Cet atelier n\u00e9cessite la constitution d&rsquo;un petit groupe.<\/p>\n\n\n\n<p class=\"has-text-align-center\">Vous voulez en savoir plus? N&rsquo;h\u00e9sitez pas \u00e0 vous inscrire dans l&rsquo;onglet \u00ab\u00a0En savoir plus\u00a0\u00bb pour recevoir toutes les informations relatives \u00e0 mes ateliers, ou \u00e0 me<a rel=\"noreferrer noopener\" href=\"http:\/\/les-ateliers-dalex.fr\/?page_id=785\" target=\"_blank\"> contacter<\/a> pour en discuter \ud83d\ude42 mais aussi \u00e0 contacter votre Centre Social, votre Mairie, votre association locale de soutien \u00e0 la parentalit\u00e9 pour me faire intervenir et mettre en place une s\u00e9rie d&rsquo;ateliers. ( Rodez (12) , Nord Aveyron (12) )<\/p>\n\n\n\n<div class=\"wp-block-image\"><figure class=\"aligncenter is-resized\"><img loading=\"lazy\" decoding=\"async\" src=\"http:\/\/les-ateliers-dalex.fr\/wp-content\/uploads\/2020\/04\/31A21B01-6FDB-4923-9C28-46A688096B5E.jpeg\" alt=\"\" class=\"wp-image-794\" width=\"340\" height=\"128\" srcset=\"https:\/\/les-ateliers-dalex.fr\/wp-content\/uploads\/2020\/04\/31A21B01-6FDB-4923-9C28-46A688096B5E.jpeg 500w, https:\/\/les-ateliers-dalex.fr\/wp-content\/uploads\/2020\/04\/31A21B01-6FDB-4923-9C28-46A688096B5E-300x113.jpeg 300w\" sizes=\"auto, (max-width: 340px) 100vw, 340px\" \/><\/figure><\/div>\n","protected":false},"excerpt":{"rendered":"<p>Atelier d&rsquo;inspiration Montessori pour les enfants de 0 \u00e0 3 ans. Form\u00e9e par \u00ab\u00a0Appendre Montessori- Sylvie d&rsquo;Esclaibes\u00a0\u00bb et par le \u00ab\u00a0Centre Nascita d&rsquo;Angers\u00a0\u00bb en p\u00e9dagogie Montessori 0-3ans, je propose des ateliers pour les enfants de moins de 3 ans. Am\u00e9nagement de l&rsquo;espace, mat\u00e9riel et jeux propos\u00e9s, posture de l&rsquo;adulte,observation autant de sujets passionnants pour offrir &hellip; <\/p>\n<p class=\"link-more\"><a href=\"https:\/\/les-ateliers-dalex.fr\/?page_id=439\" class=\"more-link\">Continuer la lecture<span class=\"screen-reader-text\"> de &laquo;&nbsp;Apprends Moi \u00e0 Faire Seul&nbsp;&raquo;<\/span><\/a><\/p>\n","protected":false},"author":1,"featured_media":0,"parent":0,"menu_order":0,"comment_status":"closed","ping_status":"closed","template":"","meta":{"footnotes":""},"class_list":["post-439","page","type-page","status-publish","hentry"],"_links":{"self":[{"href":"https:\/\/les-ateliers-dalex.fr\/index.php?rest_route=\/wp\/v2\/pages\/439","targetHints":{"allow":["GET"]}}],"collection":[{"href":"https:\/\/les-ateliers-dalex.fr\/index.php?rest_route=\/wp\/v2\/pages"}],"about":[{"href":"https:\/\/les-ateliers-dalex.fr\/index.php?rest_route=\/wp\/v2\/types\/page"}],"author":[{"embeddable":true,"href":"https:\/\/les-ateliers-dalex.fr\/index.php?rest_route=\/wp\/v2\/users\/1"}],"replies":[{"embeddable":true,"href":"https:\/\/les-ateliers-dalex.fr\/index.php?rest_route=%2Fwp%2Fv2%2Fcomments&post=439"}],"version-history":[{"count":8,"href":"https:\/\/les-ateliers-dalex.fr\/index.php?rest_route=\/wp\/v2\/pages\/439\/revisions"}],"predecessor-version":[{"id":1300,"href":"https:\/\/les-ateliers-dalex.fr\/index.php?rest_route=\/wp\/v2\/pages\/439\/revisions\/1300"}],"wp:attachment":[{"href":"https:\/\/les-ateliers-dalex.fr\/index.php?rest_route=%2Fwp%2Fv2%2Fmedia&parent=439"}],"curies":[{"name":"wp","href":"https:\/\/api.w.org\/{rel}","templated":true}]}}