{"id":442,"date":"2020-01-16T15:31:28","date_gmt":"2020-01-16T14:31:28","guid":{"rendered":"https:\/\/lesateliersdalex.wordpress.com\/?page_id=442"},"modified":"2026-01-22T14:03:48","modified_gmt":"2026-01-22T13:03:48","slug":"produits-testes","status":"publish","type":"page","link":"https:\/\/les-ateliers-dalex.fr\/?page_id=442","title":{"rendered":"Produits Test\u00e9s"},"content":{"rendered":"\n<p class=\"has-text-align-center\">Vous trouverez sur cette page des tests de si\u00e8ges auto. Je ne propose que des si\u00e8ges auto qui sont recommand\u00e9s par le site <a href=\"https:\/\/www.securange.fr\/\" target=\"_blank\" rel=\"noreferrer noopener\">S\u00e9curange<\/a> et j&rsquo;en profite pour saluer ici le travail gigantesque que fournissent Maryline et son \u00e9quipe de b\u00e9n\u00e9voles. Voici la liste des si\u00e8ges que vous pouvez trouver ici<\/p>\n\n\n\n<h1 class=\"wp-block-heading\"><strong>Norme R44\/04<\/strong><\/h1>\n\n\n\n<p class=\"has-text-align-left\"><strong>Groupe 0+\/1 = coques : <\/strong><\/p>\n\n\n\n<ul class=\"wp-block-list\">\n<li><a href=\"https:\/\/les-ateliers-dalex.fr\/?p=578\" target=\"_blank\" rel=\"noreferrer noopener\">Concord Air Safe<\/a><\/li>\n\n\n\n<li><a href=\"https:\/\/les-ateliers-dalex.fr\/?p=1449\" target=\"_blank\" rel=\"noreferrer noopener\">Nania BeOne<\/a><\/li>\n\n\n\n<li><a href=\"https:\/\/les-ateliers-dalex.fr\/?p=93\" target=\"_blank\" rel=\"noreferrer noopener\">B\u00e9b\u00e9 Confort\/Maxi Cosi Pebble<\/a><\/li>\n\n\n\n<li><a href=\"https:\/\/les-ateliers-dalex.fr\/?p=1169\" target=\"_blank\" rel=\"noreferrer noopener\">Graco Junior Baby<\/a><\/li>\n\n\n\n<li>Cybex Aton 5 ( article en cours)<\/li>\n<\/ul>\n\n\n\n<p><strong>Groupe 1:<\/strong><\/p>\n\n\n\n<ul class=\"wp-block-list\">\n<li><a href=\"https:\/\/les-ateliers-dalex.fr\/?p=1111\" target=\"_blank\" rel=\"noreferrer noopener\">Cybex Juno-fix<\/a><\/li>\n<\/ul>\n\n\n\n<p><strong>Groupe 1\/2 RF:<\/strong> <\/p>\n\n\n\n<ul class=\"wp-block-list\">\n<li><a href=\"https:\/\/les-ateliers-dalex.fr\/?p=708\" target=\"_blank\" rel=\"noreferrer noopener\">Britax\/Romer Max Way<\/a><\/li>\n\n\n\n<li><a href=\"https:\/\/les-ateliers-dalex.fr\/?p=2165\">Axkid Minikid<\/a><\/li>\n<\/ul>\n\n\n\n<p><strong>Groupe 1\/2\/3 :<\/strong><\/p>\n\n\n\n<ul class=\"wp-block-list\">\n<li> <a href=\"https:\/\/les-ateliers-dalex.fr\/?p=203\" target=\"_blank\" rel=\"noreferrer noopener\">Joie Trillo Shield<\/a><\/li>\n<\/ul>\n\n\n\n<p><strong>Groupe 2\/3:<\/strong> <\/p>\n\n\n\n<ul class=\"wp-block-list\">\n<li>J<a href=\"https:\/\/les-ateliers-dalex.fr\/?p=954\" target=\"_blank\" rel=\"noreferrer noopener\">oie Trillo LX<\/a><\/li>\n\n\n\n<li> <a href=\"https:\/\/les-ateliers-dalex.fr\/?p=1129\" target=\"_blank\" rel=\"noreferrer noopener\">B\u00e9b\u00e9 Confort\/Maxi Cosi Rodifix<\/a><\/li>\n\n\n\n<li><a href=\"https:\/\/les-ateliers-dalex.fr\/?p=636\" target=\"_blank\" rel=\"noreferrer noopener\">Cybex Solution X2fix<\/a><\/li>\n\n\n\n<li> <a href=\"https:\/\/les-ateliers-dalex.fr\/?p=961\" target=\"_blank\" rel=\"noreferrer noopener\">Cybex Solution Mfix<\/a><\/li>\n\n\n\n<li> <a href=\"https:\/\/les-ateliers-dalex.fr\/?p=869\" target=\"_blank\" rel=\"noreferrer noopener\">R\u00f6mer\/Britax Kid 2<\/a><\/li>\n<\/ul>\n\n\n\n<h1 class=\"wp-block-heading\">Norme R129<\/h1>\n\n\n\n<p><strong>Coques<\/strong><\/p>\n\n\n\n<ul class=\"wp-block-list\">\n<li><a href=\"https:\/\/les-ateliers-dalex.fr\/?p=973\" target=\"_blank\" rel=\"noreferrer noopener\">Joie I-Gemm<\/a><\/li>\n\n\n\n<li><a href=\"https:\/\/les-ateliers-dalex.fr\/?p=1339\" target=\"_blank\" rel=\"noreferrer noopener\">Cybex Cloud Z i-size<\/a><\/li>\n<\/ul>\n\n\n\n<p><strong>Si\u00e8ges b\u00e9b\u00e9  jusqu&rsquo;\u00e0 105 cm<\/strong><\/p>\n\n\n\n<ul class=\"wp-block-list\">\n<li><a href=\"https:\/\/les-ateliers-dalex.fr\/?p=637\" target=\"_blank\" rel=\"noreferrer noopener\">B\u00e9b\u00e9 Confort\/Maxi Cosi 2WayPearl \/ Pearl Pro<\/a><\/li>\n\n\n\n<li>Concord reverso + ( article en cours)<\/li>\n\n\n\n<li>Graco slim fit ( article en cours)<\/li>\n<\/ul>\n\n\n\n<p><strong>Si\u00e8ges b\u00e9b\u00e9 allant au del\u00e0 de 105 cm<\/strong><\/p>\n\n\n\n<ul class=\"wp-block-list\">\n<li><a href=\"https:\/\/les-ateliers-dalex.fr\/?p=1923\" target=\"_blank\" rel=\"noreferrer noopener\">Besafe Strech<\/a><\/li>\n\n\n\n<li><a href=\"https:\/\/les-ateliers-dalex.fr\/?p=2049\" target=\"_blank\" rel=\"noreferrer noopener\">Britax\/R\u00f6mer Dualfix i Size<\/a><\/li>\n<\/ul>\n\n\n\n<p><strong>R\u00e9hausseurs<\/strong><\/p>\n\n\n\n<p><\/p>\n\n\n\n<figure class=\"wp-block-gallery has-nested-images columns-default is-cropped wp-block-gallery-1 is-layout-flex wp-block-gallery-is-layout-flex\">\n<figure class=\"wp-block-image size-large\"><img loading=\"lazy\" decoding=\"async\" width=\"768\" height=\"1024\" data-id=\"683\" src=\"https:\/\/les-ateliers-dalex.fr\/wp-content\/uploads\/2020\/04\/1425C2C2-220E-44D1-8394-CDC0A00FB0C3-e1585743462966-768x1024.jpeg\" alt=\"\" class=\"wp-image-683\" srcset=\"https:\/\/les-ateliers-dalex.fr\/wp-content\/uploads\/2020\/04\/1425C2C2-220E-44D1-8394-CDC0A00FB0C3-e1585743462966-768x1024.jpeg 768w, https:\/\/les-ateliers-dalex.fr\/wp-content\/uploads\/2020\/04\/1425C2C2-220E-44D1-8394-CDC0A00FB0C3-e1585743462966-225x300.jpeg 225w\" sizes=\"auto, (max-width: 767px) 89vw, (max-width: 1000px) 54vw, (max-width: 1071px) 543px, 580px\" \/><figcaption class=\"wp-element-caption\">Concord Air Safe<\/figcaption><\/figure>\n\n\n\n<figure class=\"wp-block-image size-large\"><img loading=\"lazy\" decoding=\"async\" width=\"768\" height=\"1024\" data-id=\"1453\" src=\"https:\/\/les-ateliers-dalex.fr\/wp-content\/uploads\/2020\/12\/468B44A7-7A37-44A1-BD18-5E5DDD0148FC-768x1024.jpeg\" alt=\"\" class=\"wp-image-1453\" srcset=\"https:\/\/les-ateliers-dalex.fr\/wp-content\/uploads\/2020\/12\/468B44A7-7A37-44A1-BD18-5E5DDD0148FC-768x1024.jpeg 768w, https:\/\/les-ateliers-dalex.fr\/wp-content\/uploads\/2020\/12\/468B44A7-7A37-44A1-BD18-5E5DDD0148FC-225x300.jpeg 225w, https:\/\/les-ateliers-dalex.fr\/wp-content\/uploads\/2020\/12\/468B44A7-7A37-44A1-BD18-5E5DDD0148FC-1152x1536.jpeg 1152w, https:\/\/les-ateliers-dalex.fr\/wp-content\/uploads\/2020\/12\/468B44A7-7A37-44A1-BD18-5E5DDD0148FC-1536x2048.jpeg 1536w, https:\/\/les-ateliers-dalex.fr\/wp-content\/uploads\/2020\/12\/468B44A7-7A37-44A1-BD18-5E5DDD0148FC-scaled.jpeg 1920w\" sizes=\"auto, (max-width: 767px) 89vw, (max-width: 1000px) 54vw, (max-width: 1071px) 543px, 580px\" \/><figcaption class=\"wp-element-caption\">Nania BeOne<\/figcaption><\/figure>\n\n\n\n<figure class=\"wp-block-image size-large\"><img loading=\"lazy\" decoding=\"async\" width=\"768\" height=\"1024\" data-id=\"94\" src=\"https:\/\/les-ateliers-dalex.fr\/wp-content\/uploads\/2019\/04\/img_1902-768x1024.jpg\" alt=\"\" class=\"wp-image-94\" srcset=\"https:\/\/les-ateliers-dalex.fr\/wp-content\/uploads\/2019\/04\/img_1902-768x1024.jpg 768w, https:\/\/les-ateliers-dalex.fr\/wp-content\/uploads\/2019\/04\/img_1902-225x300.jpg 225w, https:\/\/les-ateliers-dalex.fr\/wp-content\/uploads\/2019\/04\/img_1902-1568x2091.jpg 1568w\" sizes=\"auto, (max-width: 767px) 89vw, (max-width: 1000px) 54vw, (max-width: 1071px) 543px, 580px\" \/><figcaption class=\"wp-element-caption\">Maxi Cosi\/B\u00e9b\u00e9 Confort Pebble<\/figcaption><\/figure>\n\n\n\n<figure class=\"wp-block-image size-large\"><img loading=\"lazy\" decoding=\"async\" width=\"768\" height=\"1024\" data-id=\"1040\" src=\"https:\/\/les-ateliers-dalex.fr\/wp-content\/uploads\/2020\/04\/07DBF956-18C4-4E2B-8D5E-01CC25E8E3B7-768x1024.jpeg\" alt=\"\" class=\"wp-image-1040\" srcset=\"https:\/\/les-ateliers-dalex.fr\/wp-content\/uploads\/2020\/04\/07DBF956-18C4-4E2B-8D5E-01CC25E8E3B7-768x1024.jpeg 768w, https:\/\/les-ateliers-dalex.fr\/wp-content\/uploads\/2020\/04\/07DBF956-18C4-4E2B-8D5E-01CC25E8E3B7-225x300.jpeg 225w, https:\/\/les-ateliers-dalex.fr\/wp-content\/uploads\/2020\/04\/07DBF956-18C4-4E2B-8D5E-01CC25E8E3B7-1152x1536.jpeg 1152w, https:\/\/les-ateliers-dalex.fr\/wp-content\/uploads\/2020\/04\/07DBF956-18C4-4E2B-8D5E-01CC25E8E3B7-1536x2048.jpeg 1536w, https:\/\/les-ateliers-dalex.fr\/wp-content\/uploads\/2020\/04\/07DBF956-18C4-4E2B-8D5E-01CC25E8E3B7-scaled.jpeg 1920w\" sizes=\"auto, (max-width: 767px) 89vw, (max-width: 1000px) 54vw, (max-width: 1071px) 543px, 580px\" \/><figcaption class=\"wp-element-caption\">Joie I-Gemm<\/figcaption><\/figure>\n\n\n\n<figure class=\"wp-block-image size-large\"><img loading=\"lazy\" decoding=\"async\" width=\"768\" height=\"1024\" data-id=\"1351\" src=\"https:\/\/les-ateliers-dalex.fr\/wp-content\/uploads\/2020\/09\/UNADJUSTEDNONRAW_thumb_957d-1.jpg\" alt=\"\" class=\"wp-image-1351\" srcset=\"https:\/\/les-ateliers-dalex.fr\/wp-content\/uploads\/2020\/09\/UNADJUSTEDNONRAW_thumb_957d-1.jpg 768w, https:\/\/les-ateliers-dalex.fr\/wp-content\/uploads\/2020\/09\/UNADJUSTEDNONRAW_thumb_957d-1-225x300.jpg 225w\" sizes=\"auto, (max-width: 767px) 89vw, (max-width: 1000px) 54vw, (max-width: 1071px) 543px, 580px\" \/><figcaption class=\"wp-element-caption\">Cybex Cloud Z i-Size<\/figcaption><\/figure>\n\n\n\n<figure class=\"wp-block-image size-large\"><img loading=\"lazy\" decoding=\"async\" width=\"768\" height=\"1024\" data-id=\"1230\" src=\"https:\/\/les-ateliers-dalex.fr\/wp-content\/uploads\/2020\/06\/8F2509C3-1DD2-4FF9-8099-AE1E87FE1504-768x1024.jpeg\" alt=\"\" class=\"wp-image-1230\" srcset=\"https:\/\/les-ateliers-dalex.fr\/wp-content\/uploads\/2020\/06\/8F2509C3-1DD2-4FF9-8099-AE1E87FE1504-768x1024.jpeg 768w, https:\/\/les-ateliers-dalex.fr\/wp-content\/uploads\/2020\/06\/8F2509C3-1DD2-4FF9-8099-AE1E87FE1504-225x300.jpeg 225w, https:\/\/les-ateliers-dalex.fr\/wp-content\/uploads\/2020\/06\/8F2509C3-1DD2-4FF9-8099-AE1E87FE1504-1152x1536.jpeg 1152w, https:\/\/les-ateliers-dalex.fr\/wp-content\/uploads\/2020\/06\/8F2509C3-1DD2-4FF9-8099-AE1E87FE1504-1536x2048.jpeg 1536w, https:\/\/les-ateliers-dalex.fr\/wp-content\/uploads\/2020\/06\/8F2509C3-1DD2-4FF9-8099-AE1E87FE1504-scaled.jpeg 1920w\" sizes=\"auto, (max-width: 767px) 89vw, (max-width: 1000px) 54vw, (max-width: 1071px) 543px, 580px\" \/><figcaption class=\"wp-element-caption\">Graco Junior Baby<\/figcaption><\/figure>\n\n\n\n<figure class=\"wp-block-image size-large\"><img loading=\"lazy\" decoding=\"async\" width=\"866\" height=\"960\" data-id=\"638\" src=\"https:\/\/les-ateliers-dalex.fr\/wp-content\/uploads\/2020\/04\/11187315_10153467037036661_2837403205115996599_o_1024.jpg\" alt=\"\" class=\"wp-image-638\" srcset=\"https:\/\/les-ateliers-dalex.fr\/wp-content\/uploads\/2020\/04\/11187315_10153467037036661_2837403205115996599_o_1024.jpg 866w, https:\/\/les-ateliers-dalex.fr\/wp-content\/uploads\/2020\/04\/11187315_10153467037036661_2837403205115996599_o_1024-271x300.jpg 271w, https:\/\/les-ateliers-dalex.fr\/wp-content\/uploads\/2020\/04\/11187315_10153467037036661_2837403205115996599_o_1024-768x851.jpg 768w\" sizes=\"auto, (max-width: 767px) 89vw, (max-width: 1000px) 54vw, (max-width: 1071px) 543px, 580px\" \/><figcaption class=\"wp-element-caption\">Maxi Cosi\/ B\u00e9b\u00e9 Confort 2 WayPearl<\/figcaption><\/figure>\n\n\n\n<figure class=\"wp-block-image size-large\"><img loading=\"lazy\" decoding=\"async\" width=\"768\" height=\"1024\" data-id=\"275\" src=\"https:\/\/les-ateliers-dalex.fr\/wp-content\/uploads\/2019\/05\/thumb_img_9673_1024-1-768x1024.jpg\" alt=\"\" class=\"wp-image-275\" srcset=\"https:\/\/les-ateliers-dalex.fr\/wp-content\/uploads\/2019\/05\/thumb_img_9673_1024-1.jpg 768w, https:\/\/les-ateliers-dalex.fr\/wp-content\/uploads\/2019\/05\/thumb_img_9673_1024-1-225x300.jpg 225w\" sizes=\"auto, (max-width: 767px) 89vw, (max-width: 1000px) 54vw, (max-width: 1071px) 543px, 580px\" \/><figcaption class=\"wp-element-caption\">Joie Trillo Shield<\/figcaption><\/figure>\n\n\n\n<figure class=\"wp-block-image size-large\"><img loading=\"lazy\" decoding=\"async\" width=\"768\" height=\"1024\" data-id=\"1090\" src=\"https:\/\/les-ateliers-dalex.fr\/wp-content\/uploads\/2020\/04\/A359A9A0-25D8-4A7F-B794-1D6E5FB0125C-768x1024.jpeg\" alt=\"\" class=\"wp-image-1090\" srcset=\"https:\/\/les-ateliers-dalex.fr\/wp-content\/uploads\/2020\/04\/A359A9A0-25D8-4A7F-B794-1D6E5FB0125C-768x1024.jpeg 768w, https:\/\/les-ateliers-dalex.fr\/wp-content\/uploads\/2020\/04\/A359A9A0-25D8-4A7F-B794-1D6E5FB0125C-225x300.jpeg 225w, https:\/\/les-ateliers-dalex.fr\/wp-content\/uploads\/2020\/04\/A359A9A0-25D8-4A7F-B794-1D6E5FB0125C-1152x1536.jpeg 1152w, https:\/\/les-ateliers-dalex.fr\/wp-content\/uploads\/2020\/04\/A359A9A0-25D8-4A7F-B794-1D6E5FB0125C-1536x2048.jpeg 1536w, https:\/\/les-ateliers-dalex.fr\/wp-content\/uploads\/2020\/04\/A359A9A0-25D8-4A7F-B794-1D6E5FB0125C-scaled.jpeg 1920w\" sizes=\"auto, (max-width: 767px) 89vw, (max-width: 1000px) 54vw, (max-width: 1071px) 543px, 580px\" \/><figcaption class=\"wp-element-caption\">Cybex JunoFix<\/figcaption><\/figure>\n\n\n\n<figure class=\"wp-block-image size-large\"><img loading=\"lazy\" decoding=\"async\" width=\"639\" height=\"1024\" data-id=\"2022\" src=\"https:\/\/les-ateliers-dalex.fr\/wp-content\/uploads\/2025\/04\/IMG_0135-639x1024.jpeg\" alt=\"\" class=\"wp-image-2022\" srcset=\"https:\/\/les-ateliers-dalex.fr\/wp-content\/uploads\/2025\/04\/IMG_0135-639x1024.jpeg 639w, https:\/\/les-ateliers-dalex.fr\/wp-content\/uploads\/2025\/04\/IMG_0135-187x300.jpeg 187w, https:\/\/les-ateliers-dalex.fr\/wp-content\/uploads\/2025\/04\/IMG_0135-768x1230.jpeg 768w, https:\/\/les-ateliers-dalex.fr\/wp-content\/uploads\/2025\/04\/IMG_0135-959x1536.jpeg 959w, https:\/\/les-ateliers-dalex.fr\/wp-content\/uploads\/2025\/04\/IMG_0135.jpeg 1170w\" sizes=\"auto, (max-width: 639px) 100vw, 639px\" \/><figcaption class=\"wp-element-caption\">Britax\/R\u00f6mer MaxWay<\/figcaption><\/figure>\n\n\n\n<figure class=\"wp-block-image size-large\"><img loading=\"lazy\" decoding=\"async\" width=\"604\" height=\"1024\" data-id=\"2177\" src=\"https:\/\/les-ateliers-dalex.fr\/wp-content\/uploads\/2026\/01\/IMG_0908-604x1024.jpeg\" alt=\"\" class=\"wp-image-2177\" srcset=\"https:\/\/les-ateliers-dalex.fr\/wp-content\/uploads\/2026\/01\/IMG_0908-604x1024.jpeg 604w, https:\/\/les-ateliers-dalex.fr\/wp-content\/uploads\/2026\/01\/IMG_0908-177x300.jpeg 177w, https:\/\/les-ateliers-dalex.fr\/wp-content\/uploads\/2026\/01\/IMG_0908.jpeg 663w\" sizes=\"auto, (max-width: 604px) 100vw, 604px\" \/><figcaption class=\"wp-element-caption\">Axkid Minikid<\/figcaption><\/figure>\n\n\n\n<figure class=\"wp-block-image size-large\"><img loading=\"lazy\" decoding=\"async\" width=\"719\" height=\"1024\" data-id=\"1925\" src=\"https:\/\/les-ateliers-dalex.fr\/wp-content\/uploads\/2024\/05\/IMG_4468-719x1024.jpg\" alt=\"\" class=\"wp-image-1925\" srcset=\"https:\/\/les-ateliers-dalex.fr\/wp-content\/uploads\/2024\/05\/IMG_4468-719x1024.jpg 719w, https:\/\/les-ateliers-dalex.fr\/wp-content\/uploads\/2024\/05\/IMG_4468-211x300.jpg 211w, https:\/\/les-ateliers-dalex.fr\/wp-content\/uploads\/2024\/05\/IMG_4468-768x1093.jpg 768w, https:\/\/les-ateliers-dalex.fr\/wp-content\/uploads\/2024\/05\/IMG_4468.jpg 1036w\" sizes=\"auto, (max-width: 719px) 100vw, 719px\" \/><figcaption class=\"wp-element-caption\">Besafe Strech<\/figcaption><\/figure>\n\n\n\n<figure class=\"wp-block-image size-large\"><img loading=\"lazy\" decoding=\"async\" width=\"688\" height=\"1024\" data-id=\"2101\" src=\"https:\/\/les-ateliers-dalex.fr\/wp-content\/uploads\/2025\/10\/427292E0-13B0-40D2-A1C7-1E6970305FC8-688x1024.jpeg\" alt=\"\" class=\"wp-image-2101\" srcset=\"https:\/\/les-ateliers-dalex.fr\/wp-content\/uploads\/2025\/10\/427292E0-13B0-40D2-A1C7-1E6970305FC8-688x1024.jpeg 688w, https:\/\/les-ateliers-dalex.fr\/wp-content\/uploads\/2025\/10\/427292E0-13B0-40D2-A1C7-1E6970305FC8-202x300.jpeg 202w, https:\/\/les-ateliers-dalex.fr\/wp-content\/uploads\/2025\/10\/427292E0-13B0-40D2-A1C7-1E6970305FC8-768x1143.jpeg 768w, https:\/\/les-ateliers-dalex.fr\/wp-content\/uploads\/2025\/10\/427292E0-13B0-40D2-A1C7-1E6970305FC8-1032x1536.jpeg 1032w, https:\/\/les-ateliers-dalex.fr\/wp-content\/uploads\/2025\/10\/427292E0-13B0-40D2-A1C7-1E6970305FC8.jpeg 1170w\" sizes=\"auto, (max-width: 688px) 100vw, 688px\" \/><figcaption class=\"wp-element-caption\">Britax\/R\u00f6mer Dual Fix I size<\/figcaption><\/figure>\n\n\n\n<figure class=\"wp-block-image size-large\"><img loading=\"lazy\" decoding=\"async\" width=\"768\" height=\"1024\" data-id=\"635\" src=\"https:\/\/les-ateliers-dalex.fr\/wp-content\/uploads\/2020\/04\/5BA6E3D4-0287-41D9-9121-38143410238A-768x1024.jpeg\" alt=\"\" class=\"wp-image-635\" srcset=\"https:\/\/les-ateliers-dalex.fr\/wp-content\/uploads\/2020\/04\/5BA6E3D4-0287-41D9-9121-38143410238A.jpeg 768w, https:\/\/les-ateliers-dalex.fr\/wp-content\/uploads\/2020\/04\/5BA6E3D4-0287-41D9-9121-38143410238A-225x300.jpeg 225w\" sizes=\"auto, (max-width: 767px) 89vw, (max-width: 1000px) 54vw, (max-width: 1071px) 543px, 580px\" \/><figcaption class=\"wp-element-caption\">Cybex Solution X2fix<\/figcaption><\/figure>\n\n\n\n<figure class=\"wp-block-image size-large\"><img loading=\"lazy\" decoding=\"async\" width=\"768\" height=\"1024\" data-id=\"876\" src=\"https:\/\/les-ateliers-dalex.fr\/wp-content\/uploads\/2020\/04\/A6092906-9BCC-4E0C-85B6-C948E8CB495C-768x1024.jpeg\" alt=\"\" class=\"wp-image-876\" srcset=\"https:\/\/les-ateliers-dalex.fr\/wp-content\/uploads\/2020\/04\/A6092906-9BCC-4E0C-85B6-C948E8CB495C-768x1024.jpeg 768w, https:\/\/les-ateliers-dalex.fr\/wp-content\/uploads\/2020\/04\/A6092906-9BCC-4E0C-85B6-C948E8CB495C-225x300.jpeg 225w, https:\/\/les-ateliers-dalex.fr\/wp-content\/uploads\/2020\/04\/A6092906-9BCC-4E0C-85B6-C948E8CB495C-1152x1536.jpeg 1152w, https:\/\/les-ateliers-dalex.fr\/wp-content\/uploads\/2020\/04\/A6092906-9BCC-4E0C-85B6-C948E8CB495C-1536x2048.jpeg 1536w, https:\/\/les-ateliers-dalex.fr\/wp-content\/uploads\/2020\/04\/A6092906-9BCC-4E0C-85B6-C948E8CB495C.jpeg 1575w\" sizes=\"auto, (max-width: 767px) 89vw, (max-width: 1000px) 54vw, (max-width: 1071px) 543px, 580px\" \/><figcaption class=\"wp-element-caption\">Cybex Solution Mfix<\/figcaption><\/figure>\n\n\n\n<figure class=\"wp-block-image size-large\"><img loading=\"lazy\" decoding=\"async\" width=\"768\" height=\"1024\" data-id=\"875\" src=\"https:\/\/les-ateliers-dalex.fr\/wp-content\/uploads\/2020\/04\/81846451-2D37-494D-8B0A-28E271E584D1-768x1024.jpeg\" alt=\"\" class=\"wp-image-875\" srcset=\"https:\/\/les-ateliers-dalex.fr\/wp-content\/uploads\/2020\/04\/81846451-2D37-494D-8B0A-28E271E584D1-768x1024.jpeg 768w, https:\/\/les-ateliers-dalex.fr\/wp-content\/uploads\/2020\/04\/81846451-2D37-494D-8B0A-28E271E584D1-225x300.jpeg 225w, https:\/\/les-ateliers-dalex.fr\/wp-content\/uploads\/2020\/04\/81846451-2D37-494D-8B0A-28E271E584D1-1152x1536.jpeg 1152w, https:\/\/les-ateliers-dalex.fr\/wp-content\/uploads\/2020\/04\/81846451-2D37-494D-8B0A-28E271E584D1-1536x2048.jpeg 1536w, https:\/\/les-ateliers-dalex.fr\/wp-content\/uploads\/2020\/04\/81846451-2D37-494D-8B0A-28E271E584D1.jpeg 1575w\" sizes=\"auto, (max-width: 767px) 89vw, (max-width: 1000px) 54vw, (max-width: 1071px) 543px, 580px\" \/><figcaption class=\"wp-element-caption\">Britax\/R\u00f6mer Kid II<\/figcaption><\/figure>\n\n\n\n<figure class=\"wp-block-image size-large\"><img loading=\"lazy\" decoding=\"async\" width=\"768\" height=\"1024\" data-id=\"1156\" src=\"https:\/\/les-ateliers-dalex.fr\/wp-content\/uploads\/2020\/04\/F072303E-EDF1-43F0-A8A1-13427A8E10D8-768x1024.jpeg\" alt=\"\" class=\"wp-image-1156\" srcset=\"https:\/\/les-ateliers-dalex.fr\/wp-content\/uploads\/2020\/04\/F072303E-EDF1-43F0-A8A1-13427A8E10D8-768x1024.jpeg 768w, https:\/\/les-ateliers-dalex.fr\/wp-content\/uploads\/2020\/04\/F072303E-EDF1-43F0-A8A1-13427A8E10D8-225x300.jpeg 225w, https:\/\/les-ateliers-dalex.fr\/wp-content\/uploads\/2020\/04\/F072303E-EDF1-43F0-A8A1-13427A8E10D8-1152x1536.jpeg 1152w, https:\/\/les-ateliers-dalex.fr\/wp-content\/uploads\/2020\/04\/F072303E-EDF1-43F0-A8A1-13427A8E10D8-1536x2048.jpeg 1536w, https:\/\/les-ateliers-dalex.fr\/wp-content\/uploads\/2020\/04\/F072303E-EDF1-43F0-A8A1-13427A8E10D8.jpeg 1575w\" sizes=\"auto, (max-width: 767px) 89vw, (max-width: 1000px) 54vw, (max-width: 1071px) 543px, 580px\" \/><figcaption class=\"wp-element-caption\">Maxi Cosi\/B\u00e9b\u00e9 Confort Rodifix<\/figcaption><\/figure>\n\n\n\n<figure class=\"wp-block-image size-large\"><img loading=\"lazy\" decoding=\"async\" width=\"768\" height=\"1024\" data-id=\"1058\" src=\"https:\/\/les-ateliers-dalex.fr\/wp-content\/uploads\/2020\/04\/EE157B96-218C-4980-9577-07C75FF10341-768x1024.jpeg\" alt=\"\" class=\"wp-image-1058\" srcset=\"https:\/\/les-ateliers-dalex.fr\/wp-content\/uploads\/2020\/04\/EE157B96-218C-4980-9577-07C75FF10341-768x1024.jpeg 768w, https:\/\/les-ateliers-dalex.fr\/wp-content\/uploads\/2020\/04\/EE157B96-218C-4980-9577-07C75FF10341-225x300.jpeg 225w, https:\/\/les-ateliers-dalex.fr\/wp-content\/uploads\/2020\/04\/EE157B96-218C-4980-9577-07C75FF10341-1152x1536.jpeg 1152w, https:\/\/les-ateliers-dalex.fr\/wp-content\/uploads\/2020\/04\/EE157B96-218C-4980-9577-07C75FF10341-1536x2048.jpeg 1536w, https:\/\/les-ateliers-dalex.fr\/wp-content\/uploads\/2020\/04\/EE157B96-218C-4980-9577-07C75FF10341.jpeg 1575w\" sizes=\"auto, (max-width: 767px) 89vw, (max-width: 1000px) 54vw, (max-width: 1071px) 543px, 580px\" \/><figcaption class=\"wp-element-caption\">Joie Trillo Lx<\/figcaption><\/figure>\n<\/figure>\n\n\n\n<p class=\"has-text-align-center\">Si la s\u00e9curit\u00e9 en voiture pour les enfants de moins de 10 ans vous int\u00e9resse je propose des ateliers<a rel=\"noreferrer noopener\" href=\"http:\/\/les-ateliers-dalex.fr\/?page_id=436\" target=\"_blank\"> \u00ab\u00a0En Voiture Simone\u00a0\u00bb<\/a> dans lesquels on parle s\u00e9curit\u00e9, si\u00e8ges auto et conduites \u00e0 adopter ;). N&rsquo;h\u00e9sitez pas \u00e0 vous inscrire dans l&rsquo;onglet \u00ab\u00a0En savoir plus\u00a0\u00bb pour recevoir toutes les informations relatives \u00e0 mes ateliers.<\/p>\n\n\n<div class=\"wp-block-image\">\n<figure class=\"aligncenter is-resized\"><img loading=\"lazy\" decoding=\"async\" width=\"436\" height=\"203\" src=\"http:\/\/les-ateliers-dalex.fr\/wp-content\/uploads\/2020\/04\/4D84C99A-36B2-4C90-A645-C26E3E135009.jpeg\" alt=\"\" class=\"wp-image-793\" style=\"width:309px;height:144px\" srcset=\"https:\/\/les-ateliers-dalex.fr\/wp-content\/uploads\/2020\/04\/4D84C99A-36B2-4C90-A645-C26E3E135009.jpeg 436w, https:\/\/les-ateliers-dalex.fr\/wp-content\/uploads\/2020\/04\/4D84C99A-36B2-4C90-A645-C26E3E135009-300x140.jpeg 300w\" sizes=\"auto, (max-width: 436px) 100vw, 436px\" \/><\/figure>\n<\/div>","protected":false},"excerpt":{"rendered":"<p>Vous trouverez sur cette page des tests de si\u00e8ges auto. Je ne propose que des si\u00e8ges auto qui sont recommand\u00e9s par le site S\u00e9curange et j&rsquo;en profite pour saluer ici le travail gigantesque que fournissent Maryline et son \u00e9quipe de b\u00e9n\u00e9voles. Voici la liste des si\u00e8ges que vous pouvez trouver ici Norme R44\/04 Groupe 0+\/1 &hellip; <\/p>\n<p class=\"link-more\"><a href=\"https:\/\/les-ateliers-dalex.fr\/?page_id=442\" class=\"more-link\">Continuer la lecture<span class=\"screen-reader-text\"> de &laquo;&nbsp;Produits Test\u00e9s&nbsp;&raquo;<\/span><\/a><\/p>\n","protected":false},"author":1,"featured_media":0,"parent":436,"menu_order":1,"comment_status":"closed","ping_status":"closed","template":"","meta":{"footnotes":""},"class_list":["post-442","page","type-page","status-publish","hentry"],"_links":{"self":[{"href":"https:\/\/les-ateliers-dalex.fr\/index.php?rest_route=\/wp\/v2\/pages\/442","targetHints":{"allow":["GET"]}}],"collection":[{"href":"https:\/\/les-ateliers-dalex.fr\/index.php?rest_route=\/wp\/v2\/pages"}],"about":[{"href":"https:\/\/les-ateliers-dalex.fr\/index.php?rest_route=\/wp\/v2\/types\/page"}],"author":[{"embeddable":true,"href":"https:\/\/les-ateliers-dalex.fr\/index.php?rest_route=\/wp\/v2\/users\/1"}],"replies":[{"embeddable":true,"href":"https:\/\/les-ateliers-dalex.fr\/index.php?rest_route=%2Fwp%2Fv2%2Fcomments&post=442"}],"version-history":[{"count":27,"href":"https:\/\/les-ateliers-dalex.fr\/index.php?rest_route=\/wp\/v2\/pages\/442\/revisions"}],"predecessor-version":[{"id":2233,"href":"https:\/\/les-ateliers-dalex.fr\/index.php?rest_route=\/wp\/v2\/pages\/442\/revisions\/2233"}],"up":[{"embeddable":true,"href":"https:\/\/les-ateliers-dalex.fr\/index.php?rest_route=\/wp\/v2\/pages\/436"}],"wp:attachment":[{"href":"https:\/\/les-ateliers-dalex.fr\/index.php?rest_route=%2Fwp%2Fv2%2Fmedia&parent=442"}],"curies":[{"name":"wp","href":"https:\/\/api.w.org\/{rel}","templated":true}]}}