{"id":785,"date":"2020-04-02T11:53:40","date_gmt":"2020-04-02T09:53:40","guid":{"rendered":"http:\/\/les-ateliers-dalex.fr\/?page_id=785"},"modified":"2025-12-11T14:55:00","modified_gmt":"2025-12-11T13:55:00","slug":"me-contacter","status":"publish","type":"page","link":"https:\/\/les-ateliers-dalex.fr\/?page_id=785","title":{"rendered":"Me contacter"},"content":{"rendered":"\n<div class=\"wp-block-image is-style-default\"><figure class=\"aligncenter size-large is-resized\"><img loading=\"lazy\" decoding=\"async\" src=\"https:\/\/les-ateliers-dalex.fr\/wp-content\/uploads\/2025\/12\/013-768x1024.jpg\" alt=\"\" class=\"wp-image-2146\" width=\"307\" height=\"408\" srcset=\"https:\/\/les-ateliers-dalex.fr\/wp-content\/uploads\/2025\/12\/013-768x1024.jpg 768w, https:\/\/les-ateliers-dalex.fr\/wp-content\/uploads\/2025\/12\/013-225x300.jpg 225w, https:\/\/les-ateliers-dalex.fr\/wp-content\/uploads\/2025\/12\/013-1152x1536.jpg 1152w, https:\/\/les-ateliers-dalex.fr\/wp-content\/uploads\/2025\/12\/013-1536x2048.jpg 1536w, https:\/\/les-ateliers-dalex.fr\/wp-content\/uploads\/2025\/12\/013-scaled.jpg 1920w\" sizes=\"auto, (max-width: 307px) 100vw, 307px\" \/><\/figure><\/div>\n\n\n\n<h4 class=\"wp-block-heading\">Par mail<\/h4>\n\n\n\n<p>alexaborie@gmail.com<\/p>\n\n\n\n<h4 class=\"wp-block-heading\">Par t\u00e9l\u00e9phone:<\/h4>\n\n\n\n<p>06-81-22-79-58<\/p>\n\n\n\n<h4 class=\"wp-block-heading\">Par Messenger <\/h4>\n\n\n\n<p><a href=\"https:\/\/m.me\/accompagnanteenparentalite?fbclid=IwAR15k2ef9rKVt28iVnekGpz_tIWQiENyxojqpRjqxh2yREHUbkBPEXIGLeY\" target=\"_blank\" rel=\"noreferrer noopener\">Les Ateliers d&rsquo;Alex<\/a><\/p>\n\n\n\n<h4 class=\"wp-block-heading\">Via ma page Facebook : <\/h4>\n\n\n\n<p><a href=\"https:\/\/www.facebook.com\/accompagnanteenparentalite\" target=\"_blank\" rel=\"noreferrer noopener\">Les Ateliers d&rsquo;Alex<\/a><\/p>\n\n\n\n<h4 class=\"wp-block-heading\">Sur Instagram<\/h4>\n\n\n\n<p><a href=\"https:\/\/www.instagram.com\/les_ateliers_dalex\/\" target=\"_blank\" rel=\"noreferrer noopener\">Les Ateliers d&rsquo;Alex<\/a><\/p>\n\n\n\n<div class=\"wp-block-image is-style-rounded\"><figure class=\"aligncenter size-large is-resized\"><img decoding=\"async\" src=\"https:\/\/les-ateliers-dalex.fr\/wp-content\/uploads\/2025\/12\/021-1024x1024.jpg\" alt=\"\" class=\"wp-image-2153\" width=\"-129\" height=\"-129\" srcset=\"https:\/\/les-ateliers-dalex.fr\/wp-content\/uploads\/2025\/12\/021-1024x1024.jpg 1024w, https:\/\/les-ateliers-dalex.fr\/wp-content\/uploads\/2025\/12\/021-300x300.jpg 300w, https:\/\/les-ateliers-dalex.fr\/wp-content\/uploads\/2025\/12\/021-150x150.jpg 150w, https:\/\/les-ateliers-dalex.fr\/wp-content\/uploads\/2025\/12\/021-768x768.jpg 768w, https:\/\/les-ateliers-dalex.fr\/wp-content\/uploads\/2025\/12\/021-1536x1536.jpg 1536w\" sizes=\"(max-width: 767px) 89vw, (max-width: 1000px) 54vw, (max-width: 1071px) 543px, 580px\" \/><\/figure><\/div>\n\n\n\n<p class=\"has-text-align-center\">Mes ateliers vous int\u00e9ressent? N&rsquo;h\u00e9sitez pas \u00e0 vous inscrire dans l&rsquo;onglet \u00ab\u00a0En savoir plus\u00a0\u00bb pour recevoir toutes les informations relatives \u00e0 mes ateliers.<\/p>\n","protected":false},"excerpt":{"rendered":"<p>Par mail alexaborie@gmail.com Par t\u00e9l\u00e9phone: 06-81-22-79-58 Par Messenger Les Ateliers d&rsquo;Alex Via ma page Facebook : Les Ateliers d&rsquo;Alex Sur Instagram Les Ateliers d&rsquo;Alex Mes ateliers vous int\u00e9ressent? N&rsquo;h\u00e9sitez pas \u00e0 vous inscrire dans l&rsquo;onglet \u00ab\u00a0En savoir plus\u00a0\u00bb pour recevoir toutes les informations relatives \u00e0 mes ateliers.<\/p>\n","protected":false},"author":1,"featured_media":0,"parent":0,"menu_order":0,"comment_status":"closed","ping_status":"closed","template":"","meta":{"footnotes":""},"class_list":["post-785","page","type-page","status-publish","hentry"],"_links":{"self":[{"href":"https:\/\/les-ateliers-dalex.fr\/index.php?rest_route=\/wp\/v2\/pages\/785","targetHints":{"allow":["GET"]}}],"collection":[{"href":"https:\/\/les-ateliers-dalex.fr\/index.php?rest_route=\/wp\/v2\/pages"}],"about":[{"href":"https:\/\/les-ateliers-dalex.fr\/index.php?rest_route=\/wp\/v2\/types\/page"}],"author":[{"embeddable":true,"href":"https:\/\/les-ateliers-dalex.fr\/index.php?rest_route=\/wp\/v2\/users\/1"}],"replies":[{"embeddable":true,"href":"https:\/\/les-ateliers-dalex.fr\/index.php?rest_route=%2Fwp%2Fv2%2Fcomments&post=785"}],"version-history":[{"count":18,"href":"https:\/\/les-ateliers-dalex.fr\/index.php?rest_route=\/wp\/v2\/pages\/785\/revisions"}],"predecessor-version":[{"id":2156,"href":"https:\/\/les-ateliers-dalex.fr\/index.php?rest_route=\/wp\/v2\/pages\/785\/revisions\/2156"}],"wp:attachment":[{"href":"https:\/\/les-ateliers-dalex.fr\/index.php?rest_route=%2Fwp%2Fv2%2Fmedia&parent=785"}],"curies":[{"name":"wp","href":"https:\/\/api.w.org\/{rel}","templated":true}]}}